{"id":5943,"date":"2023-09-06T12:52:26","date_gmt":"2023-09-06T10:52:26","guid":{"rendered":"https:\/\/www.evpu.sk\/?page_id=5943"},"modified":"2024-09-08T16:41:01","modified_gmt":"2024-09-08T14:41:01","slug":"gdpr","status":"publish","type":"page","link":"https:\/\/www.evpu.sk\/ru\/gdpr","title":{"rendered":"GDPR"},"content":{"rendered":"\t\t<div data-elementor-type=\"wp-page\" data-elementor-id=\"5943\" class=\"elementor elementor-5943 elementor-880\" data-elementor-post-type=\"page\">\n\t\t\t\t<div class=\"elementor-element elementor-element-0609338 e-flex e-con-boxed e-con e-parent\" data-id=\"0609338\" data-element_type=\"container\" data-e-type=\"container\" data-settings=\"{&quot;background_background&quot;:&quot;classic&quot;}\">\n\t\t\t\t\t<div class=\"e-con-inner\">\n\t\t<div class=\"elementor-element elementor-element-f6a30b0 e-con-full e-flex e-con e-child\" data-id=\"f6a30b0\" data-element_type=\"container\" data-e-type=\"container\">\n\t\t\t\t<div class=\"elementor-element elementor-element-0d08d5f elementor-widget elementor-widget-heading\" data-id=\"0d08d5f\" data-element_type=\"widget\" data-e-type=\"widget\" data-widget_type=\"heading.default\">\n\t\t\t\t<div class=\"elementor-widget-container\">\n\t\t\t\t\t<h1 class=\"elementor-heading-title elementor-size-default\">GDPR<\/h1>\t\t\t\t<\/div>\n\t\t\t\t<\/div>\n\t\t\t\t<div class=\"elementor-element elementor-element-0faec3e elementor-widget-divider--view-line elementor-widget elementor-widget-divider\" data-id=\"0faec3e\" data-element_type=\"widget\" data-e-type=\"widget\" data-widget_type=\"divider.default\">\n\t\t\t\t<div class=\"elementor-widget-container\">\n\t\t\t\t\t\t\t<div class=\"elementor-divider\">\n\t\t\t<span class=\"elementor-divider-separator\">\n\t\t\t\t\t\t<\/span>\n\t\t<\/div>\n\t\t\t\t\t\t<\/div>\n\t\t\t\t<\/div>\n\t\t\t\t<div class=\"elementor-element elementor-element-027caa0 elementor-widget elementor-widget-text-editor\" data-id=\"027caa0\" data-element_type=\"widget\" data-e-type=\"widget\" data-widget_type=\"text-editor.default\">\n\t\t\t\t<div class=\"elementor-widget-container\">\n\t\t\t\t\t\t\t\t\t<h3>\u041e\u0442\u0432\u0435\u0442\u0441\u0442\u0432\u0435\u043d\u043d\u043e\u0435 \u043b\u0438\u0446\u043e \u2013 \u0417\u0430\u0449\u0438\u0442\u0430 \u043f\u0435\u0440\u0441\u043e\u043d\u0430\u043b\u044c\u043d\u044b\u0445 \u0434\u0430\u043d\u043d\u044b\u0445<\/h3><p>\u0412 \u0441\u043e\u043e\u0442\u0432\u0435\u0442\u0441\u0442\u0432\u0438\u0438 \u0441\u043e \u0441\u0442\u0430\u0442\u044c\u0435\u0439 44 \u0417\u0430\u043a\u043e\u043d\u0430 \u2116 18\/2018 \u0421\u0432.\u0437. \u043e \u0437\u0430\u0449\u0438\u0442\u0435 \u043f\u0435\u0440\u0441\u043e\u043d\u0430\u043b\u044c\u043d\u044b\u0445 \u0434\u0430\u043d\u043d\u044b\u0445, \u0430 \u0442\u0430\u043a\u0436\u0435 \u043e\u0431 \u0438\u0437\u043c\u0435\u043d\u0435\u043d\u0438\u0438 \u0438 \u0434\u043e\u043f\u043e\u043b\u043d\u0435\u043d\u0438\u0438 \u043d\u0435\u043a\u043e\u0442\u043e\u0440\u044b\u0445 \u0437\u0430\u043a\u043e\u043d\u043e\u0432 \u043c\u044b \u043f\u0443\u0431\u043b\u0438\u043a\u0443\u0435\u043c \u043a\u043e\u043d\u0442\u0430\u043a\u0442 \u0438\u043d\u0436. \u041c\u0430\u0440\u0442\u0438\u043d\u0430 \u0413\u0440\u0430\u0448\u043a\u0430, PhD., \u043a\u043e\u0442\u043e\u0440\u044b\u0439 \u0432\u044b\u043f\u043e\u043b\u043d\u044f\u0435\u0442 \u0444\u0443\u043d\u043a\u0446\u0438\u044e \u043e\u0442\u0432\u0435\u0442\u0441\u0442\u0432\u0435\u043d\u043d\u043e\u0433\u043e \u043b\u0438\u0446\u0430.<\/p><p><strong>\u0438\u043d\u0436. \u041c\u0430\u0440\u0442\u0438\u043d \u0413\u0440\u0430\u0448\u043a\u043e, PhD.<\/strong><\/p><p>\u0422\u0435\u043b.: +421-42-44 09 264<br \/>\u0424\u0430\u043a\u0441: +421-42-44 34 252<br \/>E-mail: hrasko @ evpu.sk<\/p>\t\t\t\t\t\t\t\t<\/div>\n\t\t\t\t<\/div>\n\t\t\t\t<div class=\"elementor-element elementor-element-5a2a7e2 elementor-icon-list--layout-traditional elementor-list-item-link-full_width elementor-widget elementor-widget-icon-list\" data-id=\"5a2a7e2\" data-element_type=\"widget\" data-e-type=\"widget\" data-widget_type=\"icon-list.default\">\n\t\t\t\t<div class=\"elementor-widget-container\">\n\t\t\t\t\t\t\t<ul class=\"elementor-icon-list-items\">\n\t\t\t\t\t\t\t<li class=\"elementor-icon-list-item\">\n\t\t\t\t\t\t\t\t\t\t\t<a href=\"\/wp-content\/uploads\/informacna-povinnost-cl13.pdf\" target=\"_blank\">\n\n\t\t\t\t\t\t\t\t\t\t\t\t<span class=\"elementor-icon-list-icon\">\n\t\t\t\t\t\t\t<i aria-hidden=\"true\" class=\"fas fa-file-download\"><\/i>\t\t\t\t\t\t<\/span>\n\t\t\t\t\t\t\t\t\t\t<span class=\"elementor-icon-list-text\">Informa\u010dn\u00e1 povinnos\u0165 \u010dl.13 GDPR<\/span>\n\t\t\t\t\t\t\t\t\t\t\t<\/a>\n\t\t\t\t\t\t\t\t\t<\/li>\n\t\t\t\t\t\t\t\t<li class=\"elementor-icon-list-item\">\n\t\t\t\t\t\t\t\t\t\t\t<a href=\"\/wp-content\/uploads\/informacna-povinnost-cl14.pdf\" target=\"_blank\">\n\n\t\t\t\t\t\t\t\t\t\t\t\t<span class=\"elementor-icon-list-icon\">\n\t\t\t\t\t\t\t<i aria-hidden=\"true\" class=\"fas fa-file-download\"><\/i>\t\t\t\t\t\t<\/span>\n\t\t\t\t\t\t\t\t\t\t<span class=\"elementor-icon-list-text\">Informa\u010dn\u00e1 povinnos\u0165 \u010dl.14 GDPR<\/span>\n\t\t\t\t\t\t\t\t\t\t\t<\/a>\n\t\t\t\t\t\t\t\t\t<\/li>\n\t\t\t\t\t\t<\/ul>\n\t\t\t\t\t\t<\/div>\n\t\t\t\t<\/div>\n\t\t\t\t<div class=\"elementor-element elementor-element-04f1f69 elementor-widget elementor-widget-spacer\" data-id=\"04f1f69\" data-element_type=\"widget\" data-e-type=\"widget\" data-widget_type=\"spacer.default\">\n\t\t\t\t<div class=\"elementor-widget-container\">\n\t\t\t\t\t\t\t<div class=\"elementor-spacer\">\n\t\t\t<div class=\"elementor-spacer-inner\"><\/div>\n\t\t<\/div>\n\t\t\t\t\t\t<\/div>\n\t\t\t\t<\/div>\n\t\t\t\t<\/div>\n\t\t\t\t\t<\/div>\n\t\t\t\t<\/div>\n\t\t\t\t<\/div>\n\t\t","protected":false},"excerpt":{"rendered":"<p>GDPR \u041e\u0442\u0432\u0435\u0442\u0441\u0442\u0432\u0435\u043d\u043d\u043e\u0435 \u043b\u0438\u0446\u043e \u2013 \u0417\u0430\u0449\u0438\u0442\u0430 \u043f\u0435\u0440\u0441\u043e\u043d\u0430\u043b\u044c\u043d\u044b\u0445 \u0434\u0430\u043d\u043d\u044b\u0445 \u0412 \u0441\u043e\u043e\u0442\u0432\u0435\u0442\u0441\u0442\u0432\u0438\u0438 \u0441\u043e \u0441\u0442\u0430\u0442\u044c\u0435\u0439 44 \u0417\u0430\u043a\u043e\u043d\u0430 \u2116 18\/2018 \u0421\u0432.\u0437. \u043e \u0437\u0430\u0449\u0438\u0442\u0435 \u043f\u0435\u0440\u0441\u043e\u043d\u0430\u043b\u044c\u043d\u044b\u0445 \u0434\u0430\u043d\u043d\u044b\u0445, \u0430 \u0442\u0430\u043a\u0436\u0435 \u043e\u0431 \u0438\u0437\u043c\u0435\u043d\u0435\u043d\u0438\u0438 \u0438 \u0434\u043e\u043f\u043e\u043b\u043d\u0435\u043d\u0438\u0438 \u043d\u0435\u043a\u043e\u0442\u043e\u0440\u044b\u0445 \u0437\u0430\u043a\u043e\u043d\u043e\u0432 \u043c\u044b \u043f\u0443\u0431\u043b\u0438\u043a\u0443\u0435\u043c \u043a\u043e\u043d\u0442\u0430\u043a\u0442 \u0438\u043d\u0436. \u041c\u0430\u0440\u0442\u0438\u043d\u0430 \u0413\u0440\u0430\u0448\u043a\u0430, PhD., \u043a\u043e\u0442\u043e\u0440\u044b\u0439 \u0432\u044b\u043f\u043e\u043b\u043d\u044f\u0435\u0442 \u0444\u0443\u043d\u043a\u0446\u0438\u044e \u043e\u0442\u0432\u0435\u0442\u0441\u0442\u0432\u0435\u043d\u043d\u043e\u0433\u043e \u043b\u0438\u0446\u0430. \u0438\u043d\u0436. \u041c\u0430\u0440\u0442\u0438\u043d \u0413\u0440\u0430\u0448\u043a\u043e, PhD. \u0422\u0435\u043b.: +421-42-44 09 264\u0424\u0430\u043a\u0441: +421-42-44 34 252E-mail: hrasko @ evpu.sk Informa\u010dn\u00e1 [&hellip;]<\/p>\n","protected":false},"author":1,"featured_media":0,"parent":0,"menu_order":0,"comment_status":"closed","ping_status":"closed","template":"","meta":{"_acf_changed":false,"inline_featured_image":false,"footnotes":""},"categories":[],"tags":[],"class_list":["post-5943","page","type-page","status-publish","hentry"],"acf":[],"_links":{"self":[{"href":"https:\/\/www.evpu.sk\/ru\/wp-json\/wp\/v2\/pages\/5943","targetHints":{"allow":["GET"]}}],"collection":[{"href":"https:\/\/www.evpu.sk\/ru\/wp-json\/wp\/v2\/pages"}],"about":[{"href":"https:\/\/www.evpu.sk\/ru\/wp-json\/wp\/v2\/types\/page"}],"author":[{"embeddable":true,"href":"https:\/\/www.evpu.sk\/ru\/wp-json\/wp\/v2\/users\/1"}],"replies":[{"embeddable":true,"href":"https:\/\/www.evpu.sk\/ru\/wp-json\/wp\/v2\/comments?post=5943"}],"version-history":[{"count":4,"href":"https:\/\/www.evpu.sk\/ru\/wp-json\/wp\/v2\/pages\/5943\/revisions"}],"predecessor-version":[{"id":5947,"href":"https:\/\/www.evpu.sk\/ru\/wp-json\/wp\/v2\/pages\/5943\/revisions\/5947"}],"wp:attachment":[{"href":"https:\/\/www.evpu.sk\/ru\/wp-json\/wp\/v2\/media?parent=5943"}],"wp:term":[{"taxonomy":"category","embeddable":true,"href":"https:\/\/www.evpu.sk\/ru\/wp-json\/wp\/v2\/categories?post=5943"},{"taxonomy":"post_tag","embeddable":true,"href":"https:\/\/www.evpu.sk\/ru\/wp-json\/wp\/v2\/tags?post=5943"}],"curies":[{"name":"wp","href":"https:\/\/api.w.org\/{rel}","templated":true}]}}