{"id":5697,"date":"2024-01-15T23:31:30","date_gmt":"2024-01-15T21:31:30","guid":{"rendered":"https:\/\/www.evpu.sk\/?page_id=5697"},"modified":"2026-01-27T14:12:05","modified_gmt":"2026-01-27T12:12:05","slug":"%d0%ba%d0%be%d0%bd%d1%82%d0%b0%d0%ba%d1%82","status":"publish","type":"page","link":"https:\/\/www.evpu.sk\/ru\/%d0%ba%d0%be%d0%bd%d1%82%d0%b0%d0%ba%d1%82","title":{"rendered":"\u041a\u043e\u043d\u0442\u0430\u043a\u0442"},"content":{"rendered":"\t\t<div data-elementor-type=\"wp-page\" data-elementor-id=\"5697\" class=\"elementor elementor-5697 elementor-2772\" data-elementor-post-type=\"page\">\n\t\t\t\t<div class=\"elementor-element elementor-element-3c2e0ba5 e-flex e-con-boxed e-con e-parent\" data-id=\"3c2e0ba5\" data-element_type=\"container\" data-e-type=\"container\" data-settings=\"{&quot;background_background&quot;:&quot;classic&quot;}\">\n\t\t\t\t\t<div class=\"e-con-inner\">\n\t\t<div class=\"elementor-element elementor-element-1dd62f1c e-con-full e-flex e-con e-child\" data-id=\"1dd62f1c\" data-element_type=\"container\" data-e-type=\"container\">\n\t\t\t\t<div class=\"elementor-element elementor-element-6f685443 elementor-widget elementor-widget-heading\" data-id=\"6f685443\" data-element_type=\"widget\" data-e-type=\"widget\" data-widget_type=\"heading.default\">\n\t\t\t\t<div class=\"elementor-widget-container\">\n\t\t\t\t\t<h1 class=\"elementor-heading-title elementor-size-default\">\u041a\u043e\u043d\u0442\u0430\u043a\u0442<\/h1>\t\t\t\t<\/div>\n\t\t\t\t<\/div>\n\t\t\t\t<div class=\"elementor-element elementor-element-5f1e44a elementor-icon-list--layout-traditional elementor-list-item-link-full_width elementor-widget elementor-widget-icon-list\" data-id=\"5f1e44a\" data-element_type=\"widget\" data-e-type=\"widget\" data-widget_type=\"icon-list.default\">\n\t\t\t\t<div class=\"elementor-widget-container\">\n\t\t\t\t\t\t\t<ul class=\"elementor-icon-list-items\">\n\t\t\t\t\t\t\t<li class=\"elementor-icon-list-item\">\n\t\t\t\t\t\t\t\t\t\t\t<a href=\"#vedenie\">\n\n\t\t\t\t\t\t\t\t\t\t\t\t<span class=\"elementor-icon-list-icon\">\n\t\t\t\t\t\t\t<i aria-hidden=\"true\" class=\"fas fa-arrow-right\"><\/i>\t\t\t\t\t\t<\/span>\n\t\t\t\t\t\t\t\t\t\t<span class=\"elementor-icon-list-text\">\u0420\u0443\u043a\u043e\u0432\u043e\u0434\u0441\u0442\u0432\u043e \u043a\u043e\u043c\u043f\u0430\u043d\u0438\u0438<\/span>\n\t\t\t\t\t\t\t\t\t\t\t<\/a>\n\t\t\t\t\t\t\t\t\t<\/li>\n\t\t\t\t\t\t<\/ul>\n\t\t\t\t\t\t<\/div>\n\t\t\t\t<\/div>\n\t\t\t\t<\/div>\n\t\t<div class=\"elementor-element elementor-element-40efcd51 e-con-full e-flex e-con e-child\" data-id=\"40efcd51\" data-element_type=\"container\" data-e-type=\"container\">\n\t\t\t\t<\/div>\n\t\t\t\t\t<\/div>\n\t\t\t\t<\/div>\n\t\t<div class=\"elementor-element elementor-element-ff15c25 e-flex e-con-boxed e-con e-parent\" data-id=\"ff15c25\" data-element_type=\"container\" data-e-type=\"container\" data-settings=\"{&quot;background_background&quot;:&quot;classic&quot;}\">\n\t\t\t\t\t<div class=\"e-con-inner\">\n\t\t<div class=\"elementor-element elementor-element-6613bbb3 e-con-full e-flex e-con e-child\" data-id=\"6613bbb3\" data-element_type=\"container\" data-e-type=\"container\">\n\t\t<div class=\"elementor-element elementor-element-22d69d30 e-flex e-con-boxed e-con e-child\" data-id=\"22d69d30\" data-element_type=\"container\" data-e-type=\"container\">\n\t\t\t\t\t<div class=\"e-con-inner\">\n\t\t\t\t<div class=\"elementor-element elementor-element-56e2d65c elementor-widget elementor-widget-text-editor\" data-id=\"56e2d65c\" data-element_type=\"widget\" data-e-type=\"widget\" data-widget_type=\"text-editor.default\">\n\t\t\t\t<div class=\"elementor-widget-container\">\n\t\t\t\t\t\t\t\t\t<p><strong>EVP\u00da a.s.<\/strong><br \/>Tren\u010dianska 19<br \/>018 51 Nov\u00e1 Dubnica<br \/>Slovensk\u00e1 republika<\/p>\t\t\t\t\t\t\t\t<\/div>\n\t\t\t\t<\/div>\n\t\t\t\t<div class=\"elementor-element elementor-element-7a3ceb2 elementor-icon-list--layout-traditional elementor-list-item-link-full_width elementor-widget elementor-widget-icon-list\" data-id=\"7a3ceb2\" data-element_type=\"widget\" data-e-type=\"widget\" data-widget_type=\"icon-list.default\">\n\t\t\t\t<div class=\"elementor-widget-container\">\n\t\t\t\t\t\t\t<ul class=\"elementor-icon-list-items\">\n\t\t\t\t\t\t\t<li class=\"elementor-icon-list-item\">\n\t\t\t\t\t\t\t\t\t\t\t<span class=\"elementor-icon-list-icon\">\n\t\t\t\t\t\t\t<i aria-hidden=\"true\" class=\"fas fa-map-marker-alt\"><\/i>\t\t\t\t\t\t<\/span>\n\t\t\t\t\t\t\t\t\t\t<span class=\"elementor-icon-list-text\">GPS S48\u00b0 56.185\u2032 V 018\u00b0 08.326\u2032<\/span>\n\t\t\t\t\t\t\t\t\t<\/li>\n\t\t\t\t\t\t<\/ul>\n\t\t\t\t\t\t<\/div>\n\t\t\t\t<\/div>\n\t\t\t\t\t<\/div>\n\t\t\t\t<\/div>\n\t\t<div class=\"elementor-element elementor-element-f4b9709 e-flex e-con-boxed e-con e-child\" data-id=\"f4b9709\" data-element_type=\"container\" data-e-type=\"container\">\n\t\t\t\t\t<div class=\"e-con-inner\">\n\t\t\t\t<div class=\"elementor-element elementor-element-5e8ea542 elementor-widget elementor-widget-text-editor\" data-id=\"5e8ea542\" data-element_type=\"widget\" data-e-type=\"widget\" data-widget_type=\"text-editor.default\">\n\t\t\t\t<div class=\"elementor-widget-container\">\n\t\t\t\t\t\t\t\t\t<p>\u041e\u0413\u0420\u041d: 31 562\u00a0507<br \/>\u0418\u041d \u041d\u0414\u0421: SK2020436066<br \/>\u0420\u0435\u0433\u0438\u0441\u0442\u0440\u0430\u0446\u0438\u044f: \u0420\u0421 \u0432 \u0422\u0440\u0435\u043d\u0447\u0438\u043d\u0435, \u0438\u043d\u0434\u0435\u043a\u0441 Sa, \u0432\u043b\u043e\u0436\u0435\u043d\u0438\u0435 \u2116 197\/R<\/p><p>\u0410\u0434\u0440\u0435\u0441 \u0434\u043b\u044f \u043e\u0442\u043f\u0440\u0430\u0432\u043a\u0438 \u044d\u043b\u0435\u043a\u0442\u0440\u043e\u043d\u043d\u044b\u0445 \u0441\u0447\u0435\u0442\u043e\u0432-\u0444\u0430\u043a\u0442\u0443\u0440: posta @ evpu.sk<\/p>\t\t\t\t\t\t\t\t<\/div>\n\t\t\t\t<\/div>\n\t\t\t\t\t<\/div>\n\t\t\t\t<\/div>\n\t\t<div class=\"elementor-element elementor-element-335cdd2b e-flex e-con-boxed e-con e-child\" data-id=\"335cdd2b\" data-element_type=\"container\" data-e-type=\"container\">\n\t\t\t\t\t<div class=\"e-con-inner\">\n\t\t\t\t<div class=\"elementor-element elementor-element-7782a9a2 elementor-icon-list--layout-traditional elementor-list-item-link-full_width elementor-widget elementor-widget-icon-list\" data-id=\"7782a9a2\" data-element_type=\"widget\" data-e-type=\"widget\" data-widget_type=\"icon-list.default\">\n\t\t\t\t<div class=\"elementor-widget-container\">\n\t\t\t\t\t\t\t<ul class=\"elementor-icon-list-items\">\n\t\t\t\t\t\t\t<li class=\"elementor-icon-list-item\">\n\t\t\t\t\t\t\t\t\t\t\t<a href=\"tel:+421%2042%2044%2009%20111\">\n\n\t\t\t\t\t\t\t\t\t\t\t\t<span class=\"elementor-icon-list-icon\">\n\t\t\t\t\t\t\t<i aria-hidden=\"true\" class=\"fas fa-phone\"><\/i>\t\t\t\t\t\t<\/span>\n\t\t\t\t\t\t\t\t\t\t<span class=\"elementor-icon-list-text\">+421 42 44 09 111<\/span>\n\t\t\t\t\t\t\t\t\t\t\t<\/a>\n\t\t\t\t\t\t\t\t\t<\/li>\n\t\t\t\t\t\t\t\t<li class=\"elementor-icon-list-item\">\n\t\t\t\t\t\t\t\t\t\t\t<span class=\"elementor-icon-list-icon\">\n\t\t\t\t\t\t\t<i aria-hidden=\"true\" class=\"far fa-envelope\"><\/i>\t\t\t\t\t\t<\/span>\n\t\t\t\t\t\t\t\t\t\t<span class=\"elementor-icon-list-text\">info @ evpu.sk<\/span>\n\t\t\t\t\t\t\t\t\t<\/li>\n\t\t\t\t\t\t<\/ul>\n\t\t\t\t\t\t<\/div>\n\t\t\t\t<\/div>\n\t\t\t\t\t<\/div>\n\t\t\t\t<\/div>\n\t\t\t\t<\/div>\n\t\t\t\t\t<\/div>\n\t\t\t\t<\/div>\n\t\t<div class=\"elementor-element elementor-element-5fd51a5c e-con-full e-flex e-con e-parent\" data-id=\"5fd51a5c\" data-element_type=\"container\" data-e-type=\"container\">\n\t\t\t\t<div class=\"elementor-element elementor-element-4d218574 elementor-widget elementor-widget-google_maps\" data-id=\"4d218574\" data-element_type=\"widget\" data-e-type=\"widget\" data-widget_type=\"google_maps.default\">\n\t\t\t\t<div class=\"elementor-widget-container\">\n\t\t\t\t\t\t\t<div class=\"elementor-custom-embed\">\n\t\t\t<iframe loading=\"lazy\"\n\t\t\t\t\tsrc=\"https:\/\/maps.google.com\/maps?q=Evpu%20a.s%2C%20Tren%C4%8Dianska%2019&#038;t=m&#038;z=17&#038;output=embed&#038;iwloc=near\"\n\t\t\t\t\ttitle=\"Evpu a.s, Tren\u010dianska 19\"\n\t\t\t\t\taria-label=\"Evpu a.s, Tren\u010dianska 19\"\n\t\t\t><\/iframe>\n\t\t<\/div>\n\t\t\t\t\t\t<\/div>\n\t\t\t\t<\/div>\n\t\t\t\t<\/div>\n\t\t<div class=\"elementor-element elementor-element-7bf1bd9 e-flex e-con-boxed e-con e-parent\" data-id=\"7bf1bd9\" data-element_type=\"container\" data-e-type=\"container\">\n\t\t\t\t\t<div class=\"e-con-inner\">\n\t\t\t\t<div class=\"elementor-element elementor-element-91fb270 elementor-widget elementor-widget-heading\" data-id=\"91fb270\" data-element_type=\"widget\" data-e-type=\"widget\" data-widget_type=\"heading.default\">\n\t\t\t\t<div class=\"elementor-widget-container\">\n\t\t\t\t\t<h4 class=\"elementor-heading-title elementor-size-default\">\u0420\u0443\u043a\u043e\u0432\u043e\u0434\u0441\u0442\u0432\u043e \u043a\u043e\u043c\u043f\u0430\u043d\u0438\u0438<\/h4>\t\t\t\t<\/div>\n\t\t\t\t<\/div>\n\t\t\t\t\t<\/div>\n\t\t\t\t<\/div>\n\t\t<div class=\"elementor-element elementor-element-fd5df91 e-flex e-con-boxed e-con e-parent\" data-id=\"fd5df91\" data-element_type=\"container\" data-e-type=\"container\" id=\"vedenie\">\n\t\t\t\t\t<div class=\"e-con-inner\">\n\t\t<div class=\"elementor-element elementor-element-1692ec2 e-con-full e-flex e-con e-child\" data-id=\"1692ec2\" data-element_type=\"container\" data-e-type=\"container\">\n\t\t\t\t<div class=\"elementor-element elementor-element-34c4597d elementor-widget elementor-widget-heading\" data-id=\"34c4597d\" data-element_type=\"widget\" data-e-type=\"widget\" data-widget_type=\"heading.default\">\n\t\t\t\t<div class=\"elementor-widget-container\">\n\t\t\t\t\t<h5 class=\"elementor-heading-title elementor-size-default\">\u041a\u0430\u043d\u0446\u0435\u043b\u044f\u0440\u0438\u044f \u0433\u0435\u043d\u0435\u0440\u0430\u043b\u044c\u043d\u043e\u0433\u043e \u0434\u0438\u0440\u0435\u043a\u0442\u043e\u0440\u0430<\/h5>\t\t\t\t<\/div>\n\t\t\t\t<\/div>\n\t\t\t\t<div class=\"elementor-element elementor-element-7ba3f106 elementor-widget elementor-widget-text-editor\" data-id=\"7ba3f106\" data-element_type=\"widget\" data-e-type=\"widget\" data-widget_type=\"text-editor.default\">\n\t\t\t\t<div class=\"elementor-widget-container\">\n\t\t\t\t\t\t\t\t\t<p><strong>\u0438\u043d\u0436. \u041c\u0438\u0445\u0430\u043b \u041f\u0430\u0432\u043b\u0438\u043a<br \/><\/strong>\u0413\u0435\u043d\u0435\u0440\u0430\u043b\u044c\u043d\u044b\u0439 \u0434\u0438\u0440\u0435\u043a\u0442\u043e\u0440<\/p>\t\t\t\t\t\t\t\t<\/div>\n\t\t\t\t<\/div>\n\t\t\t\t<\/div>\n\t\t<div class=\"elementor-element elementor-element-b97f98a e-con-full e-flex e-con e-child\" data-id=\"b97f98a\" data-element_type=\"container\" data-e-type=\"container\">\n\t\t\t\t<div class=\"elementor-element elementor-element-47156190 elementor-widget elementor-widget-heading\" data-id=\"47156190\" data-element_type=\"widget\" data-e-type=\"widget\" data-widget_type=\"heading.default\">\n\t\t\t\t<div class=\"elementor-widget-container\">\n\t\t\t\t\t<h5 class=\"elementor-heading-title elementor-size-default\">\u041a\u0430\u043d\u0446\u0435\u043b\u044f\u0440\u0438\u044f \u0433\u0435\u043d\u0435\u0440\u0430\u043b\u044c\u043d\u043e\u0433\u043e \u0434\u0438\u0440\u0435\u043a\u0442\u043e\u0440\u0430 \u2013 \u0441\u0435\u043a\u0440\u0435\u0442\u0430\u0440\u0438\u0430\u0442<\/h5>\t\t\t\t<\/div>\n\t\t\t\t<\/div>\n\t\t\t\t<div class=\"elementor-element elementor-element-4ad8e05f elementor-widget elementor-widget-text-editor\" data-id=\"4ad8e05f\" data-element_type=\"widget\" data-e-type=\"widget\" data-widget_type=\"text-editor.default\">\n\t\t\t\t<div class=\"elementor-widget-container\">\n\t\t\t\t\t\t\t\t\t\u0422\u0435\u043b.: +421-42-44 09\u00a0102\n\u0424\u0430\u043a\u0441: +421-42-44 34\u00a0252\nE-mail: sekretariat @ evpu.sk\t\t\t\t\t\t\t\t<\/div>\n\t\t\t\t<\/div>\n\t\t\t\t<\/div>\n\t\t<div class=\"elementor-element elementor-element-2f85970 e-con-full e-flex e-con e-child\" data-id=\"2f85970\" data-element_type=\"container\" data-e-type=\"container\">\n\t\t\t\t<\/div>\n\t\t<div class=\"elementor-element elementor-element-f348cec e-con-full e-flex e-con e-child\" data-id=\"f348cec\" data-element_type=\"container\" data-e-type=\"container\">\n\t\t\t\t<div class=\"elementor-element elementor-element-77f09a4 elementor-widget elementor-widget-heading\" data-id=\"77f09a4\" data-element_type=\"widget\" data-e-type=\"widget\" data-widget_type=\"heading.default\">\n\t\t\t\t<div class=\"elementor-widget-container\">\n\t\t\t\t\t<h5 class=\"elementor-heading-title elementor-size-default\">\u041a\u043e\u043c\u043c\u0435\u0440\u0447\u0435\u0441\u043a\u043e\u0435 \u043e\u0442\u0434\u0435\u043b\u0435\u043d\u0438\u0435 \u2013 \u043e\u0431\u043e\u0440\u043e\u043d\u043d\u0430\u044f \u043f\u0440\u043e\u043c\u044b\u0448\u043b\u0435\u043d\u043d\u043e\u0441\u0442\u044c<\/h5>\t\t\t\t<\/div>\n\t\t\t\t<\/div>\n\t\t\t\t<div class=\"elementor-element elementor-element-90ac0e4 elementor-widget elementor-widget-text-editor\" data-id=\"90ac0e4\" data-element_type=\"widget\" data-e-type=\"widget\" data-widget_type=\"text-editor.default\">\n\t\t\t\t<div class=\"elementor-widget-container\">\n\t\t\t\t\t\t\t\t\t<p><strong>\u041f\u0430\u0442\u0440\u0438\u043a \u0413\u043b\u0443\u0448\u0435\u043a, MBA<br \/><\/strong>\u0422\u0435\u043b.: +421-42-44 09 260<br \/>E-mail: patrik.hlusek @ evpu.sk<\/p>\t\t\t\t\t\t\t\t<\/div>\n\t\t\t\t<\/div>\n\t\t\t\t<\/div>\n\t\t<div class=\"elementor-element elementor-element-3af10f0 e-con-full e-flex e-con e-child\" data-id=\"3af10f0\" data-element_type=\"container\" data-e-type=\"container\">\n\t\t\t\t<div class=\"elementor-element elementor-element-3cca66a5 elementor-widget elementor-widget-heading\" data-id=\"3cca66a5\" data-element_type=\"widget\" data-e-type=\"widget\" data-widget_type=\"heading.default\">\n\t\t\t\t<div class=\"elementor-widget-container\">\n\t\t\t\t\t<h5 class=\"elementor-heading-title elementor-size-default\">\u041a\u043e\u043c\u043c\u0435\u0440\u0447\u0435\u0441\u043a\u043e\u0435 \u043e\u0442\u0434\u0435\u043b\u0435\u043d\u0438\u0435 \u2013 \u043f\u0440\u043e\u043c\u044b\u0448\u043b\u0435\u043d\u043d\u043e\u0441\u0442\u044c<\/h5>\t\t\t\t<\/div>\n\t\t\t\t<\/div>\n\t\t\t\t<div class=\"elementor-element elementor-element-bea6f2e elementor-widget elementor-widget-text-editor\" data-id=\"bea6f2e\" data-element_type=\"widget\" data-e-type=\"widget\" data-widget_type=\"text-editor.default\">\n\t\t\t\t<div class=\"elementor-widget-container\">\n\t\t\t\t\t\t\t\t\t<p><strong>\u0438\u043d\u0436. \u041c\u0430\u0440\u0442\u0438\u043d \u0413\u0440\u0430\u0448\u043a\u043e, PhD.<br \/><\/strong>\u0422\u0435\u043b.: +421-42-44 09 264<br \/>E-mail: martin.hrasko @ evpu.sk<\/p>\t\t\t\t\t\t\t\t<\/div>\n\t\t\t\t<\/div>\n\t\t\t\t<\/div>\n\t\t<div class=\"elementor-element elementor-element-e3529aa e-con-full e-flex e-con e-child\" data-id=\"e3529aa\" data-element_type=\"container\" data-e-type=\"container\">\n\t\t\t\t<div class=\"elementor-element elementor-element-ef794ca elementor-widget elementor-widget-heading\" data-id=\"ef794ca\" data-element_type=\"widget\" data-e-type=\"widget\" data-widget_type=\"heading.default\">\n\t\t\t\t<div class=\"elementor-widget-container\">\n\t\t\t\t\t<h5 class=\"elementor-heading-title elementor-size-default\">\u0417\u0430\u043a\u0443\u043f\u043a\u0438 \u0438 \u043b\u043e\u0433\u0438\u0441\u0442\u0438\u043a\u0430<\/h5>\t\t\t\t<\/div>\n\t\t\t\t<\/div>\n\t\t\t\t<div class=\"elementor-element elementor-element-da65736 elementor-widget elementor-widget-text-editor\" data-id=\"da65736\" data-element_type=\"widget\" data-e-type=\"widget\" data-widget_type=\"text-editor.default\">\n\t\t\t\t<div class=\"elementor-widget-container\">\n\t\t\t\t\t\t\t\t\t<p><strong>\u0438\u043d\u0436. \u041f\u0435\u0442\u0435\u0440 \u0411\u0435\u0434\u043d\u0430\u0440\u0438\u043a<br \/><\/strong>\u0422\u0435\u043b.: +421-42-44 09 232<br \/>E-mail: peter.bednarik @ evpu.sk<\/p>\t\t\t\t\t\t\t\t<\/div>\n\t\t\t\t<\/div>\n\t\t\t\t<\/div>\n\t\t<div class=\"elementor-element elementor-element-61f8519 e-con-full e-flex e-con e-child\" data-id=\"61f8519\" data-element_type=\"container\" data-e-type=\"container\">\n\t\t\t\t<div class=\"elementor-element elementor-element-13dbbcd elementor-widget elementor-widget-heading\" data-id=\"13dbbcd\" data-element_type=\"widget\" data-e-type=\"widget\" data-widget_type=\"heading.default\">\n\t\t\t\t<div class=\"elementor-widget-container\">\n\t\t\t\t\t<h5 class=\"elementor-heading-title elementor-size-default\">\u041e\u0442\u0434\u0435\u043b \u043a\u0430\u0434\u0440\u043e\u0432<\/h5>\t\t\t\t<\/div>\n\t\t\t\t<\/div>\n\t\t\t\t<div class=\"elementor-element elementor-element-d5150be elementor-widget elementor-widget-text-editor\" data-id=\"d5150be\" data-element_type=\"widget\" data-e-type=\"widget\" data-widget_type=\"text-editor.default\">\n\t\t\t\t<div class=\"elementor-widget-container\">\n\t\t\t\t\t\t\t\t\t<p><strong>\u0438\u043d\u0436. \u042d\u0432\u0430 \u0413\u0430\u0448\u043a\u043e\u0432\u0430<br \/><\/strong>\u0422\u0435\u043b.: +421 42 44 09 250<br \/>E-mail: pers @ evpu.sk<\/p>\t\t\t\t\t\t\t\t<\/div>\n\t\t\t\t<\/div>\n\t\t\t\t<\/div>\n\t\t<div class=\"elementor-element elementor-element-adeb2b1 e-con-full e-flex e-con e-child\" data-id=\"adeb2b1\" data-element_type=\"container\" data-e-type=\"container\">\n\t\t\t\t<div class=\"elementor-element elementor-element-476dc9a elementor-widget elementor-widget-heading\" data-id=\"476dc9a\" data-element_type=\"widget\" data-e-type=\"widget\" data-widget_type=\"heading.default\">\n\t\t\t\t<div class=\"elementor-widget-container\">\n\t\t\t\t\t<h5 class=\"elementor-heading-title elementor-size-default\">\u0421\u0435\u0440\u0432\u0438\u0441<\/h5>\t\t\t\t<\/div>\n\t\t\t\t<\/div>\n\t\t\t\t<div class=\"elementor-element elementor-element-af920c4 elementor-widget elementor-widget-text-editor\" data-id=\"af920c4\" data-element_type=\"widget\" data-e-type=\"widget\" data-widget_type=\"text-editor.default\">\n\t\t\t\t<div class=\"elementor-widget-container\">\n\t\t\t\t\t\t\t\t\t<p><strong>\u0422\u043e\u043c\u0430\u0448 \u0413\u0430\u043b\u0431\u0430\u0432\u044b\u0439<br \/><\/strong>\u0422\u0435\u043b.: +421 \u00a0903 461 012<br \/>E-mail: servis @ evpu.sk<\/p>\t\t\t\t\t\t\t\t<\/div>\n\t\t\t\t<\/div>\n\t\t\t\t<\/div>\n\t\t<div class=\"elementor-element elementor-element-c5d00bf e-con-full e-flex e-con e-child\" data-id=\"c5d00bf\" data-element_type=\"container\" data-e-type=\"container\">\n\t\t\t\t<\/div>\n\t\t<div class=\"elementor-element elementor-element-5a627cb e-con-full e-flex e-con e-child\" data-id=\"5a627cb\" data-element_type=\"container\" data-e-type=\"container\">\n\t\t\t\t<div class=\"elementor-element elementor-element-54e2621 elementor-widget elementor-widget-heading\" data-id=\"54e2621\" data-element_type=\"widget\" data-e-type=\"widget\" data-widget_type=\"heading.default\">\n\t\t\t\t<div class=\"elementor-widget-container\">\n\t\t\t\t\t<h5 class=\"elementor-heading-title elementor-size-default\">SKTC-E <\/h5>\t\t\t\t<\/div>\n\t\t\t\t<\/div>\n\t\t\t\t<div class=\"elementor-element elementor-element-929eb07 elementor-widget elementor-widget-text-editor\" data-id=\"929eb07\" data-element_type=\"widget\" data-e-type=\"widget\" data-widget_type=\"text-editor.default\">\n\t\t\t\t<div class=\"elementor-widget-container\">\n\t\t\t\t\t\t\t\t\t<p><strong>\u0418\u043d\u0436. \u0154\u043e\u0431\u0435\u0440\u0442 \u042f\u043d\u0438\u0433\u0430<br \/><\/strong>\u0422\u0435\u043b.: +421-42-44 09 600<br \/>\u0421\u043e\u0442\u043e\u0432\u044b\u0439: +421-910-216-867<br \/>E-mail: robert.janiga @ evpu.sk<\/p>\t\t\t\t\t\t\t\t<\/div>\n\t\t\t\t<\/div>\n\t\t\t\t<\/div>\n\t\t<div class=\"elementor-element elementor-element-e5e8347 e-con-full e-flex e-con e-child\" data-id=\"e5e8347\" data-element_type=\"container\" data-e-type=\"container\">\n\t\t\t\t<div class=\"elementor-element elementor-element-e5758c4 elementor-widget elementor-widget-heading\" data-id=\"e5758c4\" data-element_type=\"widget\" data-e-type=\"widget\" data-widget_type=\"heading.default\">\n\t\t\t\t<div class=\"elementor-widget-container\">\n\t\t\t\t\t<h5 class=\"elementor-heading-title elementor-size-default\">SKTC-E \u2013 \u0441\u0435\u043a\u0440\u0435\u0442\u0430\u0440\u0438\u0430\u0442<\/h5>\t\t\t\t<\/div>\n\t\t\t\t<\/div>\n\t\t\t\t<div class=\"elementor-element elementor-element-7ac15cf elementor-widget elementor-widget-text-editor\" data-id=\"7ac15cf\" data-element_type=\"widget\" data-e-type=\"widget\" data-widget_type=\"text-editor.default\">\n\t\t\t\t<div class=\"elementor-widget-container\">\n\t\t\t\t\t\t\t\t\t<p>\u0422\u0435\u043b.: +421-42-44 03 600<br \/>E-mail: sktc @ evpu.sk<\/p>\t\t\t\t\t\t\t\t<\/div>\n\t\t\t\t<\/div>\n\t\t\t\t<\/div>\n\t\t<div class=\"elementor-element elementor-element-41fccaa e-con-full e-flex e-con e-child\" data-id=\"41fccaa\" data-element_type=\"container\" data-e-type=\"container\">\n\t\t\t\t<div class=\"elementor-element elementor-element-40ad835 elementor-widget elementor-widget-heading\" data-id=\"40ad835\" data-element_type=\"widget\" data-e-type=\"widget\" data-widget_type=\"heading.default\">\n\t\t\t\t<div class=\"elementor-widget-container\">\n\t\t\t\t\t<h5 class=\"elementor-heading-title elementor-size-default\">SKTC-E \u2013 \u0441\u0435\u0440\u0442\u0438\u0444\u0438\u043a\u0430\u0446\u0438\u044f \u0438\u0437\u0434\u0435\u043b\u0438\u0439<\/h5>\t\t\t\t<\/div>\n\t\t\t\t<\/div>\n\t\t\t\t<div class=\"elementor-element elementor-element-c34b623 elementor-widget elementor-widget-text-editor\" data-id=\"c34b623\" data-element_type=\"widget\" data-e-type=\"widget\" data-widget_type=\"text-editor.default\">\n\t\t\t\t<div class=\"elementor-widget-container\">\n\t\t\t\t\t\t\t\t\t<p><strong>\u043c\u0433\u0440. \u041c\u0438\u0445\u0430\u043b \u041c\u0438\u0448\u0438\u0430\u043a<br \/><\/strong>\u0422\u0435\u043b.: +421-42-44 03 519<br \/>\u0421\u043e\u0442\u043e\u0432\u044b\u0439: +421-911-996-695<br \/>E-mail: michal.misiak @ evpu.sk<\/p>\t\t\t\t\t\t\t\t<\/div>\n\t\t\t\t<\/div>\n\t\t\t\t<\/div>\n\t\t\t\t\t<\/div>\n\t\t\t\t<\/div>\n\t\t\t\t<\/div>\n\t\t","protected":false},"excerpt":{"rendered":"<p>\u041a\u043e\u043d\u0442\u0430\u043a\u0442 \u0420\u0443\u043a\u043e\u0432\u043e\u0434\u0441\u0442\u0432\u043e \u043a\u043e\u043c\u043f\u0430\u043d\u0438\u0438 EVP\u00da a.s.Tren\u010dianska 19018 51 Nov\u00e1 DubnicaSlovensk\u00e1 republika GPS S48\u00b0 56.185\u2032 V 018\u00b0 08.326\u2032 \u041e\u0413\u0420\u041d: 31 562\u00a0507\u0418\u041d \u041d\u0414\u0421: SK2020436066\u0420\u0435\u0433\u0438\u0441\u0442\u0440\u0430\u0446\u0438\u044f: \u0420\u0421 \u0432 \u0422\u0440\u0435\u043d\u0447\u0438\u043d\u0435, \u0438\u043d\u0434\u0435\u043a\u0441 Sa, \u0432\u043b\u043e\u0436\u0435\u043d\u0438\u0435 \u2116 197\/R \u0410\u0434\u0440\u0435\u0441 \u0434\u043b\u044f \u043e\u0442\u043f\u0440\u0430\u0432\u043a\u0438 \u044d\u043b\u0435\u043a\u0442\u0440\u043e\u043d\u043d\u044b\u0445 \u0441\u0447\u0435\u0442\u043e\u0432-\u0444\u0430\u043a\u0442\u0443\u0440: posta @ evpu.sk +421 42 44 09 111 info @ evpu.sk \u0420\u0443\u043a\u043e\u0432\u043e\u0434\u0441\u0442\u0432\u043e \u043a\u043e\u043c\u043f\u0430\u043d\u0438\u0438 \u041a\u0430\u043d\u0446\u0435\u043b\u044f\u0440\u0438\u044f \u0433\u0435\u043d\u0435\u0440\u0430\u043b\u044c\u043d\u043e\u0433\u043e \u0434\u0438\u0440\u0435\u043a\u0442\u043e\u0440\u0430 \u0438\u043d\u0436. \u041c\u0438\u0445\u0430\u043b \u041f\u0430\u0432\u043b\u0438\u043a\u0413\u0435\u043d\u0435\u0440\u0430\u043b\u044c\u043d\u044b\u0439 \u0434\u0438\u0440\u0435\u043a\u0442\u043e\u0440 \u041a\u0430\u043d\u0446\u0435\u043b\u044f\u0440\u0438\u044f [&hellip;]<\/p>\n","protected":false},"author":1,"featured_media":0,"parent":0,"menu_order":0,"comment_status":"closed","ping_status":"closed","template":"","meta":{"_acf_changed":false,"inline_featured_image":false,"footnotes":""},"categories":[],"tags":[],"class_list":["post-5697","page","type-page","status-publish","hentry"],"acf":[],"_links":{"self":[{"href":"https:\/\/www.evpu.sk\/ru\/wp-json\/wp\/v2\/pages\/5697","targetHints":{"allow":["GET"]}}],"collection":[{"href":"https:\/\/www.evpu.sk\/ru\/wp-json\/wp\/v2\/pages"}],"about":[{"href":"https:\/\/www.evpu.sk\/ru\/wp-json\/wp\/v2\/types\/page"}],"author":[{"embeddable":true,"href":"https:\/\/www.evpu.sk\/ru\/wp-json\/wp\/v2\/users\/1"}],"replies":[{"embeddable":true,"href":"https:\/\/www.evpu.sk\/ru\/wp-json\/wp\/v2\/comments?post=5697"}],"version-history":[{"count":29,"href":"https:\/\/www.evpu.sk\/ru\/wp-json\/wp\/v2\/pages\/5697\/revisions"}],"predecessor-version":[{"id":12002,"href":"https:\/\/www.evpu.sk\/ru\/wp-json\/wp\/v2\/pages\/5697\/revisions\/12002"}],"wp:attachment":[{"href":"https:\/\/www.evpu.sk\/ru\/wp-json\/wp\/v2\/media?parent=5697"}],"wp:term":[{"taxonomy":"category","embeddable":true,"href":"https:\/\/www.evpu.sk\/ru\/wp-json\/wp\/v2\/categories?post=5697"},{"taxonomy":"post_tag","embeddable":true,"href":"https:\/\/www.evpu.sk\/ru\/wp-json\/wp\/v2\/tags?post=5697"}],"curies":[{"name":"wp","href":"https:\/\/api.w.org\/{rel}","templated":true}]}}