{"id":5266,"date":"2024-08-15T11:25:33","date_gmt":"2024-08-15T09:25:33","guid":{"rendered":"https:\/\/www.evpu.sk\/?page_id=5266"},"modified":"2024-08-22T12:15:24","modified_gmt":"2024-08-22T10:15:24","slug":"authorized-notified-body","status":"publish","type":"page","link":"https:\/\/www.evpu.sk\/en\/testing-and-certification\/authorized-notified-body","title":{"rendered":"Authorized \/ Notified Body"},"content":{"rendered":"\t\t<div data-elementor-type=\"wp-page\" data-elementor-id=\"5266\" class=\"elementor elementor-5266 elementor-5001\" data-elementor-post-type=\"page\">\n\t\t\t\t\t\t<section class=\"elementor-section elementor-top-section elementor-element elementor-element-3385006b elementor-section-boxed elementor-section-height-default elementor-section-height-default\" data-id=\"3385006b\" data-element_type=\"section\" data-e-type=\"section\">\n\t\t\t\t\t\t<div class=\"elementor-container elementor-column-gap-default\">\n\t\t\t\t\t<div class=\"elementor-column elementor-col-100 elementor-top-column elementor-element elementor-element-2a5b076b\" data-id=\"2a5b076b\" data-element_type=\"column\" data-e-type=\"column\">\n\t\t\t<div class=\"elementor-widget-wrap elementor-element-populated\">\n\t\t\t\t\t\t<div class=\"elementor-element elementor-element-192ab738 elementor-widget elementor-widget-breadcrumbs\" data-id=\"192ab738\" data-element_type=\"widget\" data-e-type=\"widget\" data-widget_type=\"breadcrumbs.default\">\n\t\t\t\t<div class=\"elementor-widget-container\">\n\t\t\t\t\t<p id=\"breadcrumbs\"><span><span><a href=\"https:\/\/www.evpu.sk\/en\">Home<\/a><\/span><\/span><\/p>\t\t\t\t<\/div>\n\t\t\t\t<\/div>\n\t\t\t\t<div class=\"elementor-element elementor-element-75b66467 elementor-widget elementor-widget-heading\" data-id=\"75b66467\" data-element_type=\"widget\" data-e-type=\"widget\" data-widget_type=\"heading.default\">\n\t\t\t\t<div class=\"elementor-widget-container\">\n\t\t\t\t\t<h1 class=\"elementor-heading-title elementor-size-default\">Authorized \/ Notified Body\n<\/h1>\t\t\t\t<\/div>\n\t\t\t\t<\/div>\n\t\t\t\t<div class=\"elementor-element elementor-element-523675d elementor-hidden-desktop elementor-hidden-tablet elementor-hidden-mobile elementor-widget elementor-widget-heading\" data-id=\"523675d\" data-element_type=\"widget\" data-e-type=\"widget\" data-widget_type=\"heading.default\">\n\t\t\t\t<div class=\"elementor-widget-container\">\n\t\t\t\t\t<h2 class=\"elementor-heading-title elementor-size-default\">KRYTIA<\/h2>\t\t\t\t<\/div>\n\t\t\t\t<\/div>\n\t\t\t\t\t<\/div>\n\t\t<\/div>\n\t\t\t\t\t<\/div>\n\t\t<\/section>\n\t\t\t\t<section class=\"elementor-section elementor-top-section elementor-element elementor-element-16ae951d elementor-reverse-tablet elementor-reverse-mobile elementor-hidden-desktop elementor-hidden-tablet elementor-hidden-mobile elementor-section-boxed elementor-section-height-default elementor-section-height-default\" data-id=\"16ae951d\" data-element_type=\"section\" data-e-type=\"section\">\n\t\t\t\t\t\t<div class=\"elementor-container elementor-column-gap-default\">\n\t\t\t\t\t<div class=\"elementor-column elementor-col-50 elementor-top-column elementor-element elementor-element-3b13b3cc\" data-id=\"3b13b3cc\" data-element_type=\"column\" data-e-type=\"column\">\n\t\t\t<div class=\"elementor-widget-wrap elementor-element-populated\">\n\t\t\t\t\t\t<section class=\"elementor-section elementor-inner-section elementor-element elementor-element-4c943de5 elementor-section-boxed elementor-section-height-default elementor-section-height-default\" data-id=\"4c943de5\" data-element_type=\"section\" data-e-type=\"section\">\n\t\t\t\t\t\t<div class=\"elementor-container elementor-column-gap-default\">\n\t\t\t\t\t<div class=\"elementor-column elementor-col-100 elementor-inner-column elementor-element elementor-element-479a2a65\" data-id=\"479a2a65\" data-element_type=\"column\" data-e-type=\"column\">\n\t\t\t<div class=\"elementor-widget-wrap elementor-element-populated\">\n\t\t\t\t\t\t<div class=\"elementor-element elementor-element-209f1675 elementor-vertical-align-middle elementor-position-left elementor-widget elementor-widget-image-box\" data-id=\"209f1675\" data-element_type=\"widget\" data-e-type=\"widget\" data-widget_type=\"image-box.default\">\n\t\t\t\t<div class=\"elementor-widget-container\">\n\t\t\t\t\t<div class=\"elementor-image-box-wrapper\"><figure class=\"elementor-image-box-img\"><img fetchpriority=\"high\" decoding=\"async\" width=\"900\" height=\"900\" src=\"https:\/\/www.evpu.sk\/wp-content\/uploads\/vykon2-1.png\" class=\"attachment-full size-full wp-image-4379\" alt=\"\" srcset=\"https:\/\/www.evpu.sk\/wp-content\/uploads\/vykon2-1.png 900w, https:\/\/www.evpu.sk\/wp-content\/uploads\/vykon2-1-300x300.png 300w, https:\/\/www.evpu.sk\/wp-content\/uploads\/vykon2-1-150x150.png 150w, https:\/\/www.evpu.sk\/wp-content\/uploads\/vykon2-1-768x768.png 768w\" sizes=\"(max-width: 900px) 100vw, 900px\" \/><\/figure><div class=\"elementor-image-box-content\"><h4 class=\"elementor-image-box-title\">Odborn\u00fd pr\u00edstup<\/h4><\/div><\/div>\t\t\t\t<\/div>\n\t\t\t\t<\/div>\n\t\t\t\t<div class=\"elementor-element elementor-element-a5e6b5d elementor-vertical-align-middle elementor-position-left elementor-widget elementor-widget-image-box\" data-id=\"a5e6b5d\" data-element_type=\"widget\" data-e-type=\"widget\" data-widget_type=\"image-box.default\">\n\t\t\t\t<div class=\"elementor-widget-container\">\n\t\t\t\t\t<div class=\"elementor-image-box-wrapper\"><figure class=\"elementor-image-box-img\"><img decoding=\"async\" width=\"900\" height=\"900\" src=\"https:\/\/www.evpu.sk\/wp-content\/uploads\/diagnosis2.png\" class=\"attachment-full size-full wp-image-4371\" alt=\"\" srcset=\"https:\/\/www.evpu.sk\/wp-content\/uploads\/diagnosis2.png 900w, https:\/\/www.evpu.sk\/wp-content\/uploads\/diagnosis2-300x300.png 300w, https:\/\/www.evpu.sk\/wp-content\/uploads\/diagnosis2-150x150.png 150w, https:\/\/www.evpu.sk\/wp-content\/uploads\/diagnosis2-768x768.png 768w\" sizes=\"(max-width: 900px) 100vw, 900px\" \/><\/figure><div class=\"elementor-image-box-content\"><h4 class=\"elementor-image-box-title\">Rozsah poskytovan\u00fdch slu\u017eieb<\/h4><\/div><\/div>\t\t\t\t<\/div>\n\t\t\t\t<\/div>\n\t\t\t\t<div class=\"elementor-element elementor-element-77551c98 elementor-vertical-align-middle elementor-position-left elementor-widget elementor-widget-image-box\" data-id=\"77551c98\" data-element_type=\"widget\" data-e-type=\"widget\" data-widget_type=\"image-box.default\">\n\t\t\t\t<div class=\"elementor-widget-container\">\n\t\t\t\t\t<div class=\"elementor-image-box-wrapper\"><figure class=\"elementor-image-box-img\"><img decoding=\"async\" width=\"900\" height=\"900\" src=\"https:\/\/www.evpu.sk\/wp-content\/uploads\/modularne2.png\" class=\"attachment-full size-full wp-image-4373\" alt=\"\" srcset=\"https:\/\/www.evpu.sk\/wp-content\/uploads\/modularne2.png 900w, https:\/\/www.evpu.sk\/wp-content\/uploads\/modularne2-300x300.png 300w, https:\/\/www.evpu.sk\/wp-content\/uploads\/modularne2-150x150.png 150w, https:\/\/www.evpu.sk\/wp-content\/uploads\/modularne2-768x768.png 768w\" sizes=\"(max-width: 900px) 100vw, 900px\" \/><\/figure><div class=\"elementor-image-box-content\"><h4 class=\"elementor-image-box-title\">IP1X a\u017e IP6X (STN EN 60529 + A1)<\/h4><\/div><\/div>\t\t\t\t<\/div>\n\t\t\t\t<\/div>\n\t\t\t\t<div class=\"elementor-element elementor-element-6d2e8721 elementor-vertical-align-middle elementor-position-left elementor-widget elementor-widget-image-box\" data-id=\"6d2e8721\" data-element_type=\"widget\" data-e-type=\"widget\" data-widget_type=\"image-box.default\">\n\t\t\t\t<div class=\"elementor-widget-container\">\n\t\t\t\t\t<div class=\"elementor-image-box-wrapper\"><figure class=\"elementor-image-box-img\"><img decoding=\"async\" width=\"900\" height=\"900\" src=\"https:\/\/www.evpu.sk\/wp-content\/uploads\/modularne2.png\" class=\"attachment-full size-full wp-image-4373\" alt=\"\" srcset=\"https:\/\/www.evpu.sk\/wp-content\/uploads\/modularne2.png 900w, https:\/\/www.evpu.sk\/wp-content\/uploads\/modularne2-300x300.png 300w, https:\/\/www.evpu.sk\/wp-content\/uploads\/modularne2-150x150.png 150w, https:\/\/www.evpu.sk\/wp-content\/uploads\/modularne2-768x768.png 768w\" sizes=\"(max-width: 900px) 100vw, 900px\" \/><\/figure><div class=\"elementor-image-box-content\"><h4 class=\"elementor-image-box-title\">IPX1 a\u017e IPX7 (STN EN 60529 + A1)<\/h4><\/div><\/div>\t\t\t\t<\/div>\n\t\t\t\t<\/div>\n\t\t\t\t\t<\/div>\n\t\t<\/div>\n\t\t\t\t\t<\/div>\n\t\t<\/section>\n\t\t\t\t\t<\/div>\n\t\t<\/div>\n\t\t\t\t<div class=\"elementor-column elementor-col-50 elementor-top-column elementor-element elementor-element-70e63c21\" data-id=\"70e63c21\" data-element_type=\"column\" data-e-type=\"column\">\n\t\t\t<div class=\"elementor-widget-wrap elementor-element-populated\">\n\t\t\t\t\t\t<div class=\"elementor-element elementor-element-65d732c2 elementor-widget elementor-widget-image\" data-id=\"65d732c2\" data-element_type=\"widget\" data-e-type=\"widget\" data-widget_type=\"image.default\">\n\t\t\t\t<div class=\"elementor-widget-container\">\n\t\t\t\t\t\t\t\t\t\t\t\t\t\t\t<img decoding=\"async\" src=\"https:\/\/www.evpu.sk\/wp-content\/uploads\/Skusky-krytia-new.png\" title=\"\" alt=\"\" loading=\"lazy\" \/>\t\t\t\t\t\t\t\t\t\t\t\t\t\t\t<\/div>\n\t\t\t\t<\/div>\n\t\t\t\t\t<\/div>\n\t\t<\/div>\n\t\t\t\t\t<\/div>\n\t\t<\/section>\n\t\t<div class=\"elementor-element elementor-element-6a5a2217 e-flex e-con-boxed e-con e-parent\" data-id=\"6a5a2217\" data-element_type=\"container\" data-e-type=\"container\">\n\t\t\t\t\t<div class=\"e-con-inner\">\n\t\t\t\t<div class=\"elementor-element elementor-element-10f1273d elementor-hidden-desktop elementor-hidden-tablet elementor-hidden-mobile elementor-widget elementor-widget-heading\" data-id=\"10f1273d\" data-element_type=\"widget\" data-e-type=\"widget\" data-widget_type=\"heading.default\">\n\t\t\t\t<div class=\"elementor-widget-container\">\n\t\t\t\t\t<h2 class=\"elementor-heading-title elementor-size-default\">Popis produktu:<\/h2>\t\t\t\t<\/div>\n\t\t\t\t<\/div>\n\t\t\t\t<div class=\"elementor-element elementor-element-1453a6c2 elementor-widget elementor-widget-text-editor\" data-id=\"1453a6c2\" data-element_type=\"widget\" data-e-type=\"widget\" data-widget_type=\"text-editor.default\">\n\t\t\t\t<div class=\"elementor-widget-container\">\n\t\t\t\t\t\t\t\t\t<p>EVP\u00da, a.s. is Authorized \/ Notified Body NB 1293 for the following Legislations:<\/p><ul><li>Regulation (EU) No 305\/2011 \u2013 Construction products (Slovak Law 133\/2013 Z.z. SK08)<\/li><\/ul>\t\t\t\t\t\t\t\t<\/div>\n\t\t\t\t<\/div>\n\t\t\t\t<div class=\"elementor-element elementor-element-e00ebcb elementor-widget elementor-widget-text-editor\" data-id=\"e00ebcb\" data-element_type=\"widget\" data-e-type=\"widget\" data-widget_type=\"text-editor.default\">\n\t\t\t\t<div class=\"elementor-widget-container\">\n\t\t\t\t\t\t\t\t\t<p>More information can be found on the website of the <a href=\"http:\/\/ec.europa.eu\/growth\/tools-databases\/nando\/index.cfm?fuseaction=country.nb&amp;refe_cd=EPOS_50168\" target=\"_blank\" rel=\"noopener\">European Commission<\/a>.<\/p>\t\t\t\t\t\t\t\t<\/div>\n\t\t\t\t<\/div>\n\t\t\t\t\t<\/div>\n\t\t\t\t<\/div>\n\t\t<div class=\"elementor-element elementor-element-333cc6c9 elementor-hidden-desktop elementor-hidden-tablet elementor-hidden-mobile e-flex e-con-boxed e-con e-parent\" data-id=\"333cc6c9\" data-element_type=\"container\" data-e-type=\"container\">\n\t\t\t\t\t<div class=\"e-con-inner\">\n\t\t<div class=\"elementor-element elementor-element-48912981 e-con-full e-flex e-con e-child\" data-id=\"48912981\" data-element_type=\"container\" data-e-type=\"container\">\n\t\t\t\t<\/div>\n\t\t<div class=\"elementor-element elementor-element-4fc2cb78 e-con-full e-flex e-con e-child\" data-id=\"4fc2cb78\" data-element_type=\"container\" data-e-type=\"container\">\n\t\t\t\t<div class=\"elementor-element elementor-element-63e59c46 elementor-align-justify elementor-widget elementor-widget-button\" data-id=\"63e59c46\" data-element_type=\"widget\" data-e-type=\"widget\" data-widget_type=\"button.default\">\n\t\t\t\t<div class=\"elementor-widget-container\">\n\t\t\t\t\t\t\t\t\t<div class=\"elementor-button-wrapper\">\n\t\t\t\t\t<a class=\"elementor-button elementor-button-link elementor-size-sm\" href=\"\/kontakt#vedenie\">\n\t\t\t\t\t\t<span class=\"elementor-button-content-wrapper\">\n\t\t\t\t\t\t\t\t\t<span class=\"elementor-button-text\">Kontakt<\/span>\n\t\t\t\t\t<\/span>\n\t\t\t\t\t<\/a>\n\t\t\t\t<\/div>\n\t\t\t\t\t\t\t\t<\/div>\n\t\t\t\t<\/div>\n\t\t\t\t<\/div>\n\t\t<div class=\"elementor-element elementor-element-35826b94 e-con-full e-flex e-con e-child\" data-id=\"35826b94\" data-element_type=\"container\" data-e-type=\"container\">\n\t\t\t\t<\/div>\n\t\t\t\t\t<\/div>\n\t\t\t\t<\/div>\n\t\t<div class=\"elementor-element elementor-element-178276c8 elementor-hidden-desktop elementor-hidden-tablet elementor-hidden-mobile e-flex e-con-boxed e-con e-parent\" data-id=\"178276c8\" data-element_type=\"container\" data-e-type=\"container\">\n\t\t\t\t\t<div class=\"e-con-inner\">\n\t\t<div class=\"elementor-element elementor-element-53305e8a e-con-full e-flex e-con e-child\" data-id=\"53305e8a\" data-element_type=\"container\" data-e-type=\"container\">\n\t\t\t\t<div class=\"elementor-element elementor-element-6f64a424 elementor-widget elementor-widget-image\" data-id=\"6f64a424\" data-element_type=\"widget\" data-e-type=\"widget\" data-widget_type=\"image.default\">\n\t\t\t\t<div class=\"elementor-widget-container\">\n\t\t\t\t\t\t\t\t\t\t\t\t\t\t\t<img decoding=\"async\" src=\"https:\/\/www.evpu.sk\/wp-content\/uploads\/prachova-komora.jpg\" title=\"\" alt=\"\" loading=\"lazy\" \/>\t\t\t\t\t\t\t\t\t\t\t\t\t\t\t<\/div>\n\t\t\t\t<\/div>\n\t\t\t\t<\/div>\n\t\t<div class=\"elementor-element elementor-element-56f9ee27 e-con-full e-flex e-con e-child\" data-id=\"56f9ee27\" data-element_type=\"container\" data-e-type=\"container\">\n\t\t\t\t<div class=\"elementor-element elementor-element-27a23f39 elementor-widget elementor-widget-image\" data-id=\"27a23f39\" data-element_type=\"widget\" data-e-type=\"widget\" data-widget_type=\"image.default\">\n\t\t\t\t<div class=\"elementor-widget-container\">\n\t\t\t\t\t\t\t\t\t\t\t\t\t\t\t<img decoding=\"async\" src=\"https:\/\/www.evpu.sk\/wp-content\/uploads\/04ca4afa-8aa2-49b6-b3ba-f752ce1f9829-1.jpg\" title=\"\" alt=\"\" loading=\"lazy\" \/>\t\t\t\t\t\t\t\t\t\t\t\t\t\t\t<\/div>\n\t\t\t\t<\/div>\n\t\t\t\t<\/div>\n\t\t<div class=\"elementor-element elementor-element-1bde55b0 e-con-full e-flex e-con e-child\" data-id=\"1bde55b0\" data-element_type=\"container\" data-e-type=\"container\">\n\t\t\t\t<div class=\"elementor-element elementor-element-72407db8 elementor-widget elementor-widget-image\" data-id=\"72407db8\" data-element_type=\"widget\" data-e-type=\"widget\" data-widget_type=\"image.default\">\n\t\t\t\t<div class=\"elementor-widget-container\">\n\t\t\t\t\t\t\t\t\t\t\t\t\t\t\t<img decoding=\"async\" src=\"https:\/\/www.evpu.sk\/wp-content\/uploads\/714cfc93-5087-4e87-8c00-5d9595a01d42-0.jpg\" title=\"\" alt=\"\" loading=\"lazy\" \/>\t\t\t\t\t\t\t\t\t\t\t\t\t\t\t<\/div>\n\t\t\t\t<\/div>\n\t\t\t\t<\/div>\n\t\t\t\t\t<\/div>\n\t\t\t\t<\/div>\n\t\t<div class=\"elementor-element elementor-element-715cc120 e-flex e-con-boxed e-con e-parent\" data-id=\"715cc120\" data-element_type=\"container\" data-e-type=\"container\">\n\t\t\t\t\t<div class=\"e-con-inner\">\n\t\t\t\t<div class=\"elementor-element elementor-element-11ba3603 elementor-widget elementor-widget-spacer\" data-id=\"11ba3603\" data-element_type=\"widget\" data-e-type=\"widget\" data-widget_type=\"spacer.default\">\n\t\t\t\t<div class=\"elementor-widget-container\">\n\t\t\t\t\t\t\t<div class=\"elementor-spacer\">\n\t\t\t<div class=\"elementor-spacer-inner\"><\/div>\n\t\t<\/div>\n\t\t\t\t\t\t<\/div>\n\t\t\t\t<\/div>\n\t\t\t\t\t<\/div>\n\t\t\t\t<\/div>\n\t\t\t\t<\/div>\n\t\t","protected":false},"excerpt":{"rendered":"<p>Authorized \/ Notified Body KRYTIA Odborn\u00fd pr\u00edstup Rozsah poskytovan\u00fdch slu\u017eieb IP1X a\u017e IP6X (STN EN 60529 + A1) IPX1 a\u017e IPX7 (STN EN 60529 + A1) Popis produktu: EVP\u00da, a.s. is Authorized \/ Notified Body NB 1293 for the following Legislations: Regulation (EU) No 305\/2011 \u2013 Construction products (Slovak Law 133\/2013 Z.z. SK08) More information [&hellip;]<\/p>\n","protected":false},"author":1,"featured_media":0,"parent":4654,"menu_order":0,"comment_status":"closed","ping_status":"closed","template":"","meta":{"_acf_changed":false,"inline_featured_image":false,"footnotes":""},"categories":[],"tags":[],"class_list":["post-5266","page","type-page","status-publish","hentry"],"acf":[],"_links":{"self":[{"href":"https:\/\/www.evpu.sk\/en\/wp-json\/wp\/v2\/pages\/5266","targetHints":{"allow":["GET"]}}],"collection":[{"href":"https:\/\/www.evpu.sk\/en\/wp-json\/wp\/v2\/pages"}],"about":[{"href":"https:\/\/www.evpu.sk\/en\/wp-json\/wp\/v2\/types\/page"}],"author":[{"embeddable":true,"href":"https:\/\/www.evpu.sk\/en\/wp-json\/wp\/v2\/users\/1"}],"replies":[{"embeddable":true,"href":"https:\/\/www.evpu.sk\/en\/wp-json\/wp\/v2\/comments?post=5266"}],"version-history":[{"count":4,"href":"https:\/\/www.evpu.sk\/en\/wp-json\/wp\/v2\/pages\/5266\/revisions"}],"predecessor-version":[{"id":5270,"href":"https:\/\/www.evpu.sk\/en\/wp-json\/wp\/v2\/pages\/5266\/revisions\/5270"}],"up":[{"embeddable":true,"href":"https:\/\/www.evpu.sk\/en\/wp-json\/wp\/v2\/pages\/4654"}],"wp:attachment":[{"href":"https:\/\/www.evpu.sk\/en\/wp-json\/wp\/v2\/media?parent=5266"}],"wp:term":[{"taxonomy":"category","embeddable":true,"href":"https:\/\/www.evpu.sk\/en\/wp-json\/wp\/v2\/categories?post=5266"},{"taxonomy":"post_tag","embeddable":true,"href":"https:\/\/www.evpu.sk\/en\/wp-json\/wp\/v2\/tags?post=5266"}],"curies":[{"name":"wp","href":"https:\/\/api.w.org\/{rel}","templated":true}]}}