{"id":4309,"date":"2024-07-03T11:13:09","date_gmt":"2024-07-03T09:13:09","guid":{"rendered":"https:\/\/www.evpu.sk\/?page_id=4309"},"modified":"2025-10-23T13:02:29","modified_gmt":"2025-10-23T11:02:29","slug":"certification-of-construction-products","status":"publish","type":"page","link":"https:\/\/www.evpu.sk\/en\/testing-and-certification\/certification-of-construction-products","title":{"rendered":"Certification of construction products"},"content":{"rendered":"\t\t<div data-elementor-type=\"wp-page\" data-elementor-id=\"4309\" class=\"elementor elementor-4309 elementor-4308\" data-elementor-post-type=\"page\">\n\t\t\t\t\t\t<section class=\"elementor-section elementor-top-section elementor-element elementor-element-4afd6c8 elementor-section-boxed elementor-section-height-default elementor-section-height-default\" data-id=\"4afd6c8\" data-element_type=\"section\" data-e-type=\"section\">\n\t\t\t\t\t\t<div class=\"elementor-container elementor-column-gap-default\">\n\t\t\t\t\t<div class=\"elementor-column elementor-col-100 elementor-top-column elementor-element elementor-element-3196d324\" data-id=\"3196d324\" data-element_type=\"column\" data-e-type=\"column\">\n\t\t\t<div class=\"elementor-widget-wrap elementor-element-populated\">\n\t\t\t\t\t\t<div class=\"elementor-element elementor-element-48798b6 elementor-widget elementor-widget-breadcrumbs\" data-id=\"48798b6\" data-element_type=\"widget\" data-e-type=\"widget\" data-widget_type=\"breadcrumbs.default\">\n\t\t\t\t<div class=\"elementor-widget-container\">\n\t\t\t\t\t<p id=\"breadcrumbs\"><span><span><a href=\"https:\/\/www.evpu.sk\/en\">Home<\/a><\/span><\/span><\/p>\t\t\t\t<\/div>\n\t\t\t\t<\/div>\n\t\t\t\t<div class=\"elementor-element elementor-element-60f0c0db elementor-widget elementor-widget-heading\" data-id=\"60f0c0db\" data-element_type=\"widget\" data-e-type=\"widget\" data-widget_type=\"heading.default\">\n\t\t\t\t<div class=\"elementor-widget-container\">\n\t\t\t\t\t<h1 class=\"elementor-heading-title elementor-size-default\">ASSESSMENT<\/h1>\t\t\t\t<\/div>\n\t\t\t\t<\/div>\n\t\t\t\t<div class=\"elementor-element elementor-element-3f1abbd elementor-widget elementor-widget-heading\" data-id=\"3f1abbd\" data-element_type=\"widget\" data-e-type=\"widget\" data-widget_type=\"heading.default\">\n\t\t\t\t<div class=\"elementor-widget-container\">\n\t\t\t\t\t<h2 class=\"elementor-heading-title elementor-size-default\">OF CONFORMITY and CERTIFICATION OF CONSTRUCTION PRODUCTS<\/h2>\t\t\t\t<\/div>\n\t\t\t\t<\/div>\n\t\t\t\t\t<\/div>\n\t\t<\/div>\n\t\t\t\t\t<\/div>\n\t\t<\/section>\n\t\t\t\t<section class=\"elementor-section elementor-top-section elementor-element elementor-element-3a5d637e elementor-reverse-tablet elementor-reverse-mobile elementor-hidden-tablet elementor-hidden-mobile elementor-section-boxed elementor-section-height-default elementor-section-height-default\" data-id=\"3a5d637e\" data-element_type=\"section\" data-e-type=\"section\">\n\t\t\t\t\t\t<div class=\"elementor-container elementor-column-gap-default\">\n\t\t\t\t\t<div class=\"elementor-column elementor-col-50 elementor-top-column elementor-element elementor-element-3ea228ef\" data-id=\"3ea228ef\" data-element_type=\"column\" data-e-type=\"column\">\n\t\t\t<div class=\"elementor-widget-wrap elementor-element-populated\">\n\t\t\t\t\t\t<section class=\"elementor-section elementor-inner-section elementor-element elementor-element-74f0933d elementor-section-boxed elementor-section-height-default elementor-section-height-default\" data-id=\"74f0933d\" data-element_type=\"section\" data-e-type=\"section\">\n\t\t\t\t\t\t<div class=\"elementor-container elementor-column-gap-default\">\n\t\t\t\t\t<div class=\"elementor-column elementor-col-100 elementor-inner-column elementor-element elementor-element-14c94ec9\" data-id=\"14c94ec9\" data-element_type=\"column\" data-e-type=\"column\">\n\t\t\t<div class=\"elementor-widget-wrap elementor-element-populated\">\n\t\t\t\t\t\t<div class=\"elementor-element elementor-element-1d199b27 elementor-vertical-align-middle elementor-position-left elementor-widget elementor-widget-image-box\" data-id=\"1d199b27\" data-element_type=\"widget\" data-e-type=\"widget\" data-widget_type=\"image-box.default\">\n\t\t\t\t<div class=\"elementor-widget-container\">\n\t\t\t\t\t<div class=\"elementor-image-box-wrapper\"><figure class=\"elementor-image-box-img\"><img decoding=\"async\" width=\"125\" height=\"126\" src=\"https:\/\/www.evpu.sk\/wp-content\/uploads\/icon-38.png\" class=\"attachment-full size-full wp-image-11366\" alt=\"\" srcset=\"https:\/\/www.evpu.sk\/wp-content\/uploads\/icon-38.png 125w, https:\/\/www.evpu.sk\/wp-content\/uploads\/elementor\/thumbs\/icon-38-rdkwadj27hmrutgeu16pwwftfh68guqroaajivedf8.png 50w\" sizes=\"(max-width: 125px) 100vw, 125px\" \/><\/figure><div class=\"elementor-image-box-content\"><h4 class=\"elementor-image-box-title\">Professional approach<\/h4><\/div><\/div>\t\t\t\t<\/div>\n\t\t\t\t<\/div>\n\t\t\t\t<div class=\"elementor-element elementor-element-4aeff3ec elementor-vertical-align-middle elementor-position-left elementor-widget elementor-widget-image-box\" data-id=\"4aeff3ec\" data-element_type=\"widget\" data-e-type=\"widget\" data-widget_type=\"image-box.default\">\n\t\t\t\t<div class=\"elementor-widget-container\">\n\t\t\t\t\t<div class=\"elementor-image-box-wrapper\"><figure class=\"elementor-image-box-img\"><img decoding=\"async\" width=\"120\" height=\"126\" src=\"https:\/\/www.evpu.sk\/wp-content\/uploads\/icon-39.png\" class=\"attachment-full size-full wp-image-11369\" alt=\"\" \/><\/figure><div class=\"elementor-image-box-content\"><h4 class=\"elementor-image-box-title\">Wide range of services provided<\/h4><\/div><\/div>\t\t\t\t<\/div>\n\t\t\t\t<\/div>\n\t\t\t\t\t<\/div>\n\t\t<\/div>\n\t\t\t\t\t<\/div>\n\t\t<\/section>\n\t\t\t\t\t<\/div>\n\t\t<\/div>\n\t\t\t\t<div class=\"elementor-column elementor-col-50 elementor-top-column elementor-element elementor-element-3547f1df\" data-id=\"3547f1df\" data-element_type=\"column\" data-e-type=\"column\">\n\t\t\t<div class=\"elementor-widget-wrap elementor-element-populated\">\n\t\t\t\t\t\t<div class=\"elementor-element elementor-element-5cd26af4 elementor-widget elementor-widget-image\" data-id=\"5cd26af4\" data-element_type=\"widget\" data-e-type=\"widget\" data-widget_type=\"image.default\">\n\t\t\t\t<div class=\"elementor-widget-container\">\n\t\t\t\t\t\t\t\t\t\t\t\t\t\t\t<img decoding=\"async\" src=\"https:\/\/www.evpu.sk\/wp-content\/uploads\/elementor\/thumbs\/stavebne-skusky2-rdheg4lwab82c6j3ygkc3eqgoj1b00tx0tev4ycu8k.png\" title=\"stavebn\u00e9 sk\u00fa\u0161ky2\" alt=\"stavebn\u00e9 sk\u00fa\u0161ky2\" loading=\"lazy\" \/>\t\t\t\t\t\t\t\t\t\t\t\t\t\t\t<\/div>\n\t\t\t\t<\/div>\n\t\t\t\t\t<\/div>\n\t\t<\/div>\n\t\t\t\t\t<\/div>\n\t\t<\/section>\n\t\t<div class=\"elementor-element elementor-element-f7b9fdb elementor-hidden-desktop e-flex e-con-boxed e-con e-parent\" data-id=\"f7b9fdb\" data-element_type=\"container\" data-e-type=\"container\">\n\t\t\t\t\t<div class=\"e-con-inner\">\n\t\t<div class=\"elementor-element elementor-element-b1ce2cf elementor-hidden-desktop e-con-full e-flex e-con e-child\" data-id=\"b1ce2cf\" data-element_type=\"container\" data-e-type=\"container\">\n\t\t<div class=\"elementor-element elementor-element-1f311f2 e-grid e-con-full e-con e-child\" data-id=\"1f311f2\" data-element_type=\"container\" data-e-type=\"container\">\n\t\t\t\t<div class=\"elementor-element elementor-element-e7996c9 elementor-widget elementor-widget-image\" data-id=\"e7996c9\" data-element_type=\"widget\" data-e-type=\"widget\" data-widget_type=\"image.default\">\n\t\t\t\t<div class=\"elementor-widget-container\">\n\t\t\t\t\t\t\t\t\t\t\t\t\t\t\t<img fetchpriority=\"high\" decoding=\"async\" width=\"600\" height=\"600\" src=\"https:\/\/www.evpu.sk\/wp-content\/uploads\/stavebne-skusky2.png\" class=\"attachment-large size-large wp-image-11286\" alt=\"\" srcset=\"https:\/\/www.evpu.sk\/wp-content\/uploads\/stavebne-skusky2.png 600w, https:\/\/www.evpu.sk\/wp-content\/uploads\/stavebne-skusky2-300x300.png 300w, https:\/\/www.evpu.sk\/wp-content\/uploads\/stavebne-skusky2-150x150.png 150w, https:\/\/www.evpu.sk\/wp-content\/uploads\/elementor\/thumbs\/stavebne-skusky2-rdheg4lwab82c6j3ygkc3eqgoj1b00tx0tev4ycu8k.png 450w\" sizes=\"(max-width: 600px) 100vw, 600px\" \/>\t\t\t\t\t\t\t\t\t\t\t\t\t\t\t<\/div>\n\t\t\t\t<\/div>\n\t\t<div class=\"elementor-element elementor-element-e5a8ae3 e-con-full e-flex e-con e-child\" data-id=\"e5a8ae3\" data-element_type=\"container\" data-e-type=\"container\">\n\t\t<div class=\"elementor-element elementor-element-e0879dc e-con-full e-grid e-con e-child\" data-id=\"e0879dc\" data-element_type=\"container\" data-e-type=\"container\">\n\t\t\t\t<div class=\"elementor-element elementor-element-bd23e97 elementor-widget elementor-widget-image\" data-id=\"bd23e97\" data-element_type=\"widget\" data-e-type=\"widget\" data-widget_type=\"image.default\">\n\t\t\t\t<div class=\"elementor-widget-container\">\n\t\t\t\t\t\t\t\t\t\t\t\t\t\t\t<img decoding=\"async\" src=\"https:\/\/www.evpu.sk\/wp-content\/uploads\/elementor\/thumbs\/icon-38-rdkwadj27hmrutgeu16pwwftfh68guqroaajivedf8.png\" title=\"icon 38\" alt=\"icon 38\" loading=\"lazy\" \/>\t\t\t\t\t\t\t\t\t\t\t\t\t\t\t<\/div>\n\t\t\t\t<\/div>\n\t\t\t\t<div class=\"elementor-element elementor-element-dac4730 elementor-vertical-align-middle elementor-widget elementor-widget-image-box\" data-id=\"dac4730\" data-element_type=\"widget\" data-e-type=\"widget\" data-widget_type=\"image-box.default\">\n\t\t\t\t<div class=\"elementor-widget-container\">\n\t\t\t\t\t<div class=\"elementor-image-box-wrapper\"><div class=\"elementor-image-box-content\"><p class=\"elementor-image-box-description\">Professional approach<\/p><\/div><\/div>\t\t\t\t<\/div>\n\t\t\t\t<\/div>\n\t\t\t\t<\/div>\n\t\t<div class=\"elementor-element elementor-element-4e5f385 e-con-full e-grid e-con e-child\" data-id=\"4e5f385\" data-element_type=\"container\" data-e-type=\"container\">\n\t\t\t\t<div class=\"elementor-element elementor-element-b3b61e4 elementor-widget elementor-widget-image\" data-id=\"b3b61e4\" data-element_type=\"widget\" data-e-type=\"widget\" data-widget_type=\"image.default\">\n\t\t\t\t<div class=\"elementor-widget-container\">\n\t\t\t\t\t\t\t\t\t\t\t\t\t\t\t<img decoding=\"async\" src=\"https:\/\/www.evpu.sk\/wp-content\/uploads\/elementor\/thumbs\/icon-39-rdkwaegwebo26ff1ojlche7a0v1lojui0ey105cz90.png\" title=\"icon 39\" alt=\"icon 39\" loading=\"lazy\" \/>\t\t\t\t\t\t\t\t\t\t\t\t\t\t\t<\/div>\n\t\t\t\t<\/div>\n\t\t\t\t<div class=\"elementor-element elementor-element-847e24f elementor-vertical-align-middle elementor-widget elementor-widget-image-box\" data-id=\"847e24f\" data-element_type=\"widget\" data-e-type=\"widget\" data-widget_type=\"image-box.default\">\n\t\t\t\t<div class=\"elementor-widget-container\">\n\t\t\t\t\t<div class=\"elementor-image-box-wrapper\"><div class=\"elementor-image-box-content\"><p class=\"elementor-image-box-description\">Wide range of services provided<\/p><\/div><\/div>\t\t\t\t<\/div>\n\t\t\t\t<\/div>\n\t\t\t\t<\/div>\n\t\t\t\t<\/div>\n\t\t\t\t<\/div>\n\t\t\t\t<\/div>\n\t\t\t\t\t<\/div>\n\t\t\t\t<\/div>\n\t\t<div class=\"elementor-element elementor-element-975ce6f e-flex e-con-boxed e-con e-parent\" data-id=\"975ce6f\" data-element_type=\"container\" data-e-type=\"container\">\n\t\t\t\t\t<div class=\"e-con-inner\">\n\t\t\t\t<div class=\"elementor-element elementor-element-7375438 elementor-widget elementor-widget-heading\" data-id=\"7375438\" data-element_type=\"widget\" data-e-type=\"widget\" data-widget_type=\"heading.default\">\n\t\t\t\t<div class=\"elementor-widget-container\">\n\t\t\t\t\t<h2 class=\"elementor-heading-title elementor-size-default\">Description:<\/h2>\t\t\t\t<\/div>\n\t\t\t\t<\/div>\n\t\t\t\t<div class=\"elementor-element elementor-element-0424146 elementor-widget elementor-widget-text-editor\" data-id=\"0424146\" data-element_type=\"widget\" data-e-type=\"widget\" data-widget_type=\"text-editor.default\">\n\t\t\t\t<div class=\"elementor-widget-container\">\n\t\t\t\t\t\t\t\t\t<p>EVP\u00da a.s. carries out assessment and verification of the immutability of fire alarm equipment parameters according to the Regulation of the European Parliament and the Council (EU) c. 305\/2011 and the series of EN 54-XX standards, regular inspection and certification.<\/p><ul><li>Based on the tests performed, the certification body issues a certificate and performs inspections.<\/li><li>Performs regular supervision of the quality management system for the production of the certified product.<\/li><\/ul>\t\t\t\t\t\t\t\t<\/div>\n\t\t\t\t<\/div>\n\t\t\t\t<div class=\"elementor-element elementor-element-568d1fb elementor-widget elementor-widget-text-editor\" data-id=\"568d1fb\" data-element_type=\"widget\" data-e-type=\"widget\" data-widget_type=\"text-editor.default\">\n\t\t\t\t<div class=\"elementor-widget-container\">\n\t\t\t\t\t\t\t\t\t<p>Basic characteristics:<\/p><p>EVP\u00da a.s. in its specialized laboratories, it performs tests and certification of construction products (fire alarm components and devices and products for electricity distribution, control and communication) according to the Regulation of the European Parliament and the Council (EU) c. 305\/2011.<\/p><p>In our test laboratories we perform tests pursuant to the following standards:<\/p>\t\t\t\t\t\t\t\t<\/div>\n\t\t\t\t<\/div>\n\t\t\t\t<div class=\"elementor-element elementor-element-ddd0191 elementor-hidden-mobile elementor-widget elementor-widget-text-editor\" data-id=\"ddd0191\" data-element_type=\"widget\" data-e-type=\"widget\" data-widget_type=\"text-editor.default\">\n\t\t\t\t<div class=\"elementor-widget-container\">\n\t\t\t\t\t\t\t\t\t<ul><li>EN 54-1 Electric fire alarm<\/li><li>EN 54-2 Control and indicating equipment<\/li><li>EN 54-3 Fire alarm devices \u2014 Sounders<\/li><li>EN 54-4 Power supply equipment<\/li><li>EN 54-5 Heat detectors \u2014 Point detectors<\/li><li>EN 54-7 Smoke detectors \u2014 Point detectors using scattered light, transmitted light or\u00a0ionization<\/li><li>EN 54-11 Manual call points<\/li><li>EN 54-12 Smoke detectors \u2014 Line detectors using optical light beam<\/li><li>EN 54-16 Voice alarm control and indicating equipment<\/li><li>EN 54-17 Short-circuit isolators<\/li><li>EN 54-18 Input\/output devices<\/li><li>EN 54-21 Alarm transmission and fault warning routing equipment<\/li><li>EN 54-23 Fire alarm devices \u2013 Visual alarm devices<\/li><li>EN 54-24 Components of voice alarm systems \u2013 Loudspeakers<\/li><li>EN 54-25 Components using radio links<\/li><li>EN 14604 Smoke alarm devices<\/li><li>EN 12094-1 Fixed fire fighting systems \u2014 Components for gas extinguishing systems. Requirements\u00a0and test methods for electrical automatic control and delay devices<\/li><li>EN 12101-10 Smoke and heat control systems \u2013 Power supplies<\/li><li>EN 50575 Power, control and communication cables. Cables for general applications in\u00a0construction works subject to reaction to fire requirements<\/li><\/ul>\t\t\t\t\t\t\t\t<\/div>\n\t\t\t\t<\/div>\n\t\t\t\t<div class=\"elementor-element elementor-element-d9ff9ad elementor-hidden-desktop elementor-hidden-tablet elementor-widget elementor-widget-text-editor\" data-id=\"d9ff9ad\" data-element_type=\"widget\" data-e-type=\"widget\" data-widget_type=\"text-editor.default\">\n\t\t\t\t<div class=\"elementor-widget-container\">\n\t\t\t\t\t\t\t\t\t<ul><li>EN 54-1 Electric fire alarm<\/li><li>EN 54-2 Control and indicating equipment<\/li><li>EN 54-3 Fire alarm devices \u2014 Sounders<\/li><li>EN 54-4 Power supply equipment<\/li><li>EN 54-5 Heat detectors \u2014 Point detectors<\/li><li>EN 54-7 Smoke detectors \u2014 Point detectors using scattered light, transmitted light or\u00a0ionization<\/li><li>EN 54-11 Manual call points<\/li><li>EN 54-12 Smoke detectors \u2014 Line detectors using optical light beam<\/li><li>EN 54-16 Voice alarm control and indicating equipment<\/li><li>EN 54-17 Short-circuit isolators<\/li><li>EN 54-18 Input\/output devices<\/li><li>EN 54-21 Alarm transmission and fault warning routing equipment<\/li><li>EN 54-23 Fire alarm devices \u2013 Visual alarm devices<\/li><li>EN 54-24 Components of voice alarm systems \u2013 Loudspeakers<\/li><li>EN 54-25 Components using radio links<\/li><li>EN 14604 Smoke alarm devices<\/li><li>EN 12094-1 Fixed fire fighting systems \u2014 Components for gas extinguishing systems. Requirements\u00a0and test methods for electrical automatic control and delay devices<\/li><li>EN 12101-10 Smoke and heat control systems \u2013 Power supplies<\/li><li>EN 50575 Power, control and communication cables. Cables for general applications in\u00a0construction works subject to reaction to fire requirements<\/li><\/ul>\t\t\t\t\t\t\t\t<\/div>\n\t\t\t\t<\/div>\n\t\t\t\t<div class=\"elementor-element elementor-element-10a3d20 elementor-widget elementor-widget-text-editor\" data-id=\"10a3d20\" data-element_type=\"widget\" data-e-type=\"widget\" data-widget_type=\"text-editor.default\">\n\t\t\t\t<div class=\"elementor-widget-container\">\n\t\t\t\t\t\t\t\t\t<p>Assessment and verification of the invariance of cable parameters is carried out for fire reaction classes AcaB1ca, B2ca, Cca, Dca, Eca in the parameter assessment system I (1) or III (3) according to the relevant procedure.<\/p>\t\t\t\t\t\t\t\t<\/div>\n\t\t\t\t<\/div>\n\t\t\t\t\t<\/div>\n\t\t\t\t<\/div>\n\t\t<div class=\"elementor-element elementor-element-c82f691 e-flex e-con-boxed e-con e-parent\" data-id=\"c82f691\" data-element_type=\"container\" data-e-type=\"container\">\n\t\t\t\t\t<div class=\"e-con-inner\">\n\t\t<div class=\"elementor-element elementor-element-838ae00 e-con-full e-flex e-con e-child\" data-id=\"838ae00\" data-element_type=\"container\" data-e-type=\"container\">\n\t\t\t\t<\/div>\n\t\t<div class=\"elementor-element elementor-element-51545c6 e-con-full e-flex e-con e-child\" data-id=\"51545c6\" data-element_type=\"container\" data-e-type=\"container\">\n\t\t\t\t<div class=\"elementor-element elementor-element-55152d0 elementor-align-justify elementor-widget elementor-widget-button\" data-id=\"55152d0\" data-element_type=\"widget\" data-e-type=\"widget\" data-widget_type=\"button.default\">\n\t\t\t\t<div class=\"elementor-widget-container\">\n\t\t\t\t\t\t\t\t\t<div class=\"elementor-button-wrapper\">\n\t\t\t\t\t<a class=\"elementor-button elementor-button-link elementor-size-sm\" href=\"\/en\/contact#company-management\">\n\t\t\t\t\t\t<span class=\"elementor-button-content-wrapper\">\n\t\t\t\t\t\t\t\t\t<span class=\"elementor-button-text\">Contact<\/span>\n\t\t\t\t\t<\/span>\n\t\t\t\t\t<\/a>\n\t\t\t\t<\/div>\n\t\t\t\t\t\t\t\t<\/div>\n\t\t\t\t<\/div>\n\t\t\t\t<\/div>\n\t\t<div class=\"elementor-element elementor-element-48924c9 e-con-full e-flex e-con e-child\" data-id=\"48924c9\" data-element_type=\"container\" data-e-type=\"container\">\n\t\t\t\t<\/div>\n\t\t\t\t\t<\/div>\n\t\t\t\t<\/div>\n\t\t<div class=\"elementor-element elementor-element-011a881 elementor-hidden-desktop elementor-hidden-tablet elementor-hidden-mobile e-flex e-con-boxed e-con e-parent\" data-id=\"011a881\" data-element_type=\"container\" data-e-type=\"container\">\n\t\t\t\t\t<div class=\"e-con-inner\">\n\t\t<div class=\"elementor-element elementor-element-c815d12 e-con-full e-flex e-con e-child\" data-id=\"c815d12\" data-element_type=\"container\" data-e-type=\"container\">\n\t\t\t\t<div class=\"elementor-element elementor-element-4b0a6c3 elementor-widget elementor-widget-image\" data-id=\"4b0a6c3\" data-element_type=\"widget\" data-e-type=\"widget\" data-widget_type=\"image.default\">\n\t\t\t\t<div class=\"elementor-widget-container\">\n\t\t\t\t\t\t\t\t\t\t\t\t\t\t\t<img loading=\"lazy\" decoding=\"async\" width=\"800\" height=\"534\" src=\"https:\/\/www.evpu.sk\/wp-content\/uploads\/5e4fdb54-478a-4048-9dca-5216b65be895-2-1024x683.jpg\" class=\"attachment-large size-large wp-image-4479\" alt=\"\" srcset=\"https:\/\/www.evpu.sk\/wp-content\/uploads\/5e4fdb54-478a-4048-9dca-5216b65be895-2-1024x683.jpg 1024w, https:\/\/www.evpu.sk\/wp-content\/uploads\/5e4fdb54-478a-4048-9dca-5216b65be895-2-300x200.jpg 300w, https:\/\/www.evpu.sk\/wp-content\/uploads\/5e4fdb54-478a-4048-9dca-5216b65be895-2-768x512.jpg 768w, https:\/\/www.evpu.sk\/wp-content\/uploads\/5e4fdb54-478a-4048-9dca-5216b65be895-2-1536x1024.jpg 1536w, https:\/\/www.evpu.sk\/wp-content\/uploads\/5e4fdb54-478a-4048-9dca-5216b65be895-2.jpg 1620w\" sizes=\"(max-width: 800px) 100vw, 800px\" \/>\t\t\t\t\t\t\t\t\t\t\t\t\t\t\t<\/div>\n\t\t\t\t<\/div>\n\t\t\t\t<\/div>\n\t\t<div class=\"elementor-element elementor-element-3b6ee77 e-con-full e-flex e-con e-child\" data-id=\"3b6ee77\" data-element_type=\"container\" data-e-type=\"container\">\n\t\t\t\t<div class=\"elementor-element elementor-element-2cb3b4d elementor-widget elementor-widget-image\" data-id=\"2cb3b4d\" data-element_type=\"widget\" data-e-type=\"widget\" data-widget_type=\"image.default\">\n\t\t\t\t<div class=\"elementor-widget-container\">\n\t\t\t\t\t\t\t\t\t\t\t\t\t\t\t<img loading=\"lazy\" decoding=\"async\" width=\"800\" height=\"530\" src=\"https:\/\/www.evpu.sk\/wp-content\/uploads\/1b8f3077-3cf9-4f27-8eec-3cb5abd5516c-1-1024x679.jpg\" class=\"attachment-large size-large wp-image-4477\" alt=\"\" srcset=\"https:\/\/www.evpu.sk\/wp-content\/uploads\/1b8f3077-3cf9-4f27-8eec-3cb5abd5516c-1-1024x679.jpg 1024w, https:\/\/www.evpu.sk\/wp-content\/uploads\/1b8f3077-3cf9-4f27-8eec-3cb5abd5516c-1-300x199.jpg 300w, https:\/\/www.evpu.sk\/wp-content\/uploads\/1b8f3077-3cf9-4f27-8eec-3cb5abd5516c-1-768x509.jpg 768w, https:\/\/www.evpu.sk\/wp-content\/uploads\/1b8f3077-3cf9-4f27-8eec-3cb5abd5516c-1-1536x1018.jpg 1536w, https:\/\/www.evpu.sk\/wp-content\/uploads\/1b8f3077-3cf9-4f27-8eec-3cb5abd5516c-1.jpg 1629w\" sizes=\"(max-width: 800px) 100vw, 800px\" \/>\t\t\t\t\t\t\t\t\t\t\t\t\t\t\t<\/div>\n\t\t\t\t<\/div>\n\t\t\t\t<\/div>\n\t\t<div class=\"elementor-element elementor-element-1784cd3 e-con-full e-flex e-con e-child\" data-id=\"1784cd3\" data-element_type=\"container\" data-e-type=\"container\">\n\t\t\t\t<div class=\"elementor-element elementor-element-7a8b2e7 elementor-widget elementor-widget-image\" data-id=\"7a8b2e7\" data-element_type=\"widget\" data-e-type=\"widget\" data-widget_type=\"image.default\">\n\t\t\t\t<div class=\"elementor-widget-container\">\n\t\t\t\t\t\t\t\t\t\t\t\t\t\t\t<img loading=\"lazy\" decoding=\"async\" width=\"800\" height=\"540\" src=\"https:\/\/www.evpu.sk\/wp-content\/uploads\/5e4fdb54-478a-4048-9dca-5216b65be895-3-1024x691.jpg\" class=\"attachment-large size-large wp-image-4481\" alt=\"\" srcset=\"https:\/\/www.evpu.sk\/wp-content\/uploads\/5e4fdb54-478a-4048-9dca-5216b65be895-3-1024x691.jpg 1024w, https:\/\/www.evpu.sk\/wp-content\/uploads\/5e4fdb54-478a-4048-9dca-5216b65be895-3-300x202.jpg 300w, https:\/\/www.evpu.sk\/wp-content\/uploads\/5e4fdb54-478a-4048-9dca-5216b65be895-3-768x518.jpg 768w, https:\/\/www.evpu.sk\/wp-content\/uploads\/5e4fdb54-478a-4048-9dca-5216b65be895-3-1536x1036.jpg 1536w, https:\/\/www.evpu.sk\/wp-content\/uploads\/5e4fdb54-478a-4048-9dca-5216b65be895-3.jpg 1601w\" sizes=\"(max-width: 800px) 100vw, 800px\" \/>\t\t\t\t\t\t\t\t\t\t\t\t\t\t\t<\/div>\n\t\t\t\t<\/div>\n\t\t\t\t<\/div>\n\t\t\t\t\t<\/div>\n\t\t\t\t<\/div>\n\t\t<div class=\"elementor-element elementor-element-3edd35b e-flex e-con-boxed e-con e-parent\" data-id=\"3edd35b\" data-element_type=\"container\" data-e-type=\"container\">\n\t\t\t\t\t<div class=\"e-con-inner\">\n\t\t\t\t<div class=\"elementor-element elementor-element-9034f35 elementor-widget elementor-widget-spacer\" data-id=\"9034f35\" data-element_type=\"widget\" data-e-type=\"widget\" data-widget_type=\"spacer.default\">\n\t\t\t\t<div class=\"elementor-widget-container\">\n\t\t\t\t\t\t\t<div class=\"elementor-spacer\">\n\t\t\t<div class=\"elementor-spacer-inner\"><\/div>\n\t\t<\/div>\n\t\t\t\t\t\t<\/div>\n\t\t\t\t<\/div>\n\t\t\t\t\t<\/div>\n\t\t\t\t<\/div>\n\t\t\t\t<\/div>\n\t\t","protected":false},"excerpt":{"rendered":"<p>ASSESSMENT OF CONFORMITY and CERTIFICATION OF CONSTRUCTION PRODUCTS Professional approach Wide range of services provided Professional approach Wide range of services provided Description: EVP\u00da a.s. carries out assessment and verification of the immutability of fire alarm equipment parameters according to the Regulation of the European Parliament and the Council (EU) c. 305\/2011 and the series [&hellip;]<\/p>\n","protected":false},"author":1,"featured_media":11339,"parent":4654,"menu_order":2,"comment_status":"closed","ping_status":"closed","template":"","meta":{"_acf_changed":false,"inline_featured_image":false,"footnotes":""},"categories":[40],"tags":[],"class_list":["post-4309","page","type-page","status-publish","has-post-thumbnail","hentry","category-testing-and-certification"],"acf":[],"_links":{"self":[{"href":"https:\/\/www.evpu.sk\/en\/wp-json\/wp\/v2\/pages\/4309","targetHints":{"allow":["GET"]}}],"collection":[{"href":"https:\/\/www.evpu.sk\/en\/wp-json\/wp\/v2\/pages"}],"about":[{"href":"https:\/\/www.evpu.sk\/en\/wp-json\/wp\/v2\/types\/page"}],"author":[{"embeddable":true,"href":"https:\/\/www.evpu.sk\/en\/wp-json\/wp\/v2\/users\/1"}],"replies":[{"embeddable":true,"href":"https:\/\/www.evpu.sk\/en\/wp-json\/wp\/v2\/comments?post=4309"}],"version-history":[{"count":42,"href":"https:\/\/www.evpu.sk\/en\/wp-json\/wp\/v2\/pages\/4309\/revisions"}],"predecessor-version":[{"id":11567,"href":"https:\/\/www.evpu.sk\/en\/wp-json\/wp\/v2\/pages\/4309\/revisions\/11567"}],"up":[{"embeddable":true,"href":"https:\/\/www.evpu.sk\/en\/wp-json\/wp\/v2\/pages\/4654"}],"wp:featuredmedia":[{"embeddable":true,"href":"https:\/\/www.evpu.sk\/en\/wp-json\/wp\/v2\/media\/11339"}],"wp:attachment":[{"href":"https:\/\/www.evpu.sk\/en\/wp-json\/wp\/v2\/media?parent=4309"}],"wp:term":[{"taxonomy":"category","embeddable":true,"href":"https:\/\/www.evpu.sk\/en\/wp-json\/wp\/v2\/categories?post=4309"},{"taxonomy":"post_tag","embeddable":true,"href":"https:\/\/www.evpu.sk\/en\/wp-json\/wp\/v2\/tags?post=4309"}],"curies":[{"name":"wp","href":"https:\/\/api.w.org\/{rel}","templated":true}]}}