{"id":1922,"date":"2023-09-06T12:51:26","date_gmt":"2023-09-06T10:51:26","guid":{"rendered":"https:\/\/evpu2023.s115.canagon.net\/historia"},"modified":"2024-01-09T15:46:33","modified_gmt":"2024-01-09T13:46:33","slug":"history","status":"publish","type":"page","link":"https:\/\/www.evpu.sk\/en\/history","title":{"rendered":"History"},"content":{"rendered":"\t\t<div data-elementor-type=\"wp-page\" data-elementor-id=\"1922\" class=\"elementor elementor-1922 elementor-864\" data-elementor-post-type=\"page\">\n\t\t\t\t<div class=\"elementor-element elementor-element-5f1015c5 e-flex e-con-boxed e-con e-parent\" data-id=\"5f1015c5\" data-element_type=\"container\" data-e-type=\"container\" data-settings=\"{&quot;background_background&quot;:&quot;classic&quot;}\">\n\t\t\t\t\t<div class=\"e-con-inner\">\n\t\t<div class=\"elementor-element elementor-element-7f5518c1 e-con-full e-flex e-con e-child\" data-id=\"7f5518c1\" data-element_type=\"container\" data-e-type=\"container\">\n\t\t\t\t<div class=\"elementor-element elementor-element-3449992 elementor-widget elementor-widget-heading\" data-id=\"3449992\" data-element_type=\"widget\" data-e-type=\"widget\" data-widget_type=\"heading.default\">\n\t\t\t\t<div class=\"elementor-widget-container\">\n\t\t\t\t\t<h1 class=\"elementor-heading-title elementor-size-default\">History<\/h1>\t\t\t\t<\/div>\n\t\t\t\t<\/div>\n\t\t\t\t<div class=\"elementor-element elementor-element-5830ba9 elementor-widget elementor-widget-text-editor\" data-id=\"5830ba9\" data-element_type=\"widget\" data-e-type=\"widget\" data-widget_type=\"text-editor.default\">\n\t\t\t\t<div class=\"elementor-widget-container\">\n\t\t\t\t\t\t\t\t\tThe Electrotechnical Research Institute was founded in 1965-1966 as a part of the Z\u0164S \u2013 Heavy Industry Concern Company. On 1st October 1968 the Electrotechnical Research Institute became an independent state owned company with research and development base.\t\t\t\t\t\t\t\t<\/div>\n\t\t\t\t<\/div>\n\t\t\t\t<\/div>\n\t\t\t\t\t<\/div>\n\t\t\t\t<\/div>\n\t\t<div class=\"elementor-element elementor-element-3504909 e-flex e-con-boxed e-con e-parent\" data-id=\"3504909\" data-element_type=\"container\" data-e-type=\"container\" data-settings=\"{&quot;background_background&quot;:&quot;classic&quot;}\">\n\t\t\t\t\t<div class=\"e-con-inner\">\n\t\t<div class=\"elementor-element elementor-element-3cfb025 e-con-full e-flex e-con e-child\" data-id=\"3cfb025\" data-element_type=\"container\" data-e-type=\"container\">\n\t\t\t\t<div class=\"elementor-element elementor-element-3518b67 elementor-widget elementor-widget-heading\" data-id=\"3518b67\" data-element_type=\"widget\" data-e-type=\"widget\" data-widget_type=\"heading.default\">\n\t\t\t\t<div class=\"elementor-widget-container\">\n\t\t\t\t\t<h2 class=\"elementor-heading-title elementor-size-default\">About our business<\/h2>\t\t\t\t<\/div>\n\t\t\t\t<\/div>\n\t\t\t\t<div class=\"elementor-element elementor-element-15566a3 elementor-widget elementor-widget-text-editor\" data-id=\"15566a3\" data-element_type=\"widget\" data-e-type=\"widget\" data-widget_type=\"text-editor.default\">\n\t\t\t\t<div class=\"elementor-widget-container\">\n\t\t\t\t\t\t\t\t\t<p>Origins of our activities are dated back to the year 1968, when the independent research and development organization Electrotechnical Research Institute \u2013 EV\u00da is created as a part of research base of the Z\u0164S \u2013 Heavy Industry Concern Company. EV\u00da successfully develops drives for rolling mills, drives for machine tools, equipment and servo systems for automated centers as well as traction equipment for electric locomotives. In the following period, the Electrotechnical Research Institute extends its research and development capacities for its own production and so it increases the number of employees to reach the total of 1800 people in the year 1989.<\/p><p>Year 1990 represents changes in our society and break-up of huge concern companies including the Heavy Industry Company Z\u0164S. In the same year the Electrotechnical Research and Development Institute, a state owned company, is created from the research and development department of Z\u0164S. EVP\u00da is then transformed to the joint-stock company in the year 1994. The company builds-up its existence on the tradition in the field of research and development.<\/p><p>EVP\u00da holds an important position within the Slovak electrotechnical industry.<\/p><p>The company policy is clearly stated \u2013 high standard of products and services offered to Slovak and foreign partners.<\/p><p>Reaching this target goes by the optimal connection of research, development, production and testing into one functioning process with qualified and experienced personnel as its driving force.<\/p><p>International demand for EVP\u00da production has resulted in an establishment of subsidiares and several foreign representatives. A subsidiary company EVP\u00da ZVS joint stock company in Dubnica nad V\u00e1hom with focus on mechanical and electrical production was established in 1996. The commercial representation, EVP\u00da \u010cR Limited, was established two years later. This company is actively involved in the sales of electro components for railway program. The business and production sister company EVP\u00da Defense Limited Liability Company has been successfully operating in the Czech Republic since 2001.<\/p>\t\t\t\t\t\t\t\t<\/div>\n\t\t\t\t<\/div>\n\t\t\t\t<\/div>\n\t\t\t\t\t<\/div>\n\t\t\t\t<\/div>\n\t\t<div class=\"elementor-element elementor-element-88f08ac e-flex e-con-boxed e-con e-parent\" data-id=\"88f08ac\" data-element_type=\"container\" data-e-type=\"container\" data-settings=\"{&quot;background_background&quot;:&quot;classic&quot;}\">\n\t\t\t\t\t<div class=\"e-con-inner\">\n\t\t<div class=\"elementor-element elementor-element-b805244 e-con-full e-flex e-con e-child\" data-id=\"b805244\" data-element_type=\"container\" data-e-type=\"container\">\n\t\t\t\t<div class=\"elementor-element elementor-element-0e46ea7 elementor-widget elementor-widget-heading\" data-id=\"0e46ea7\" data-element_type=\"widget\" data-e-type=\"widget\" data-widget_type=\"heading.default\">\n\t\t\t\t<div class=\"elementor-widget-container\">\n\t\t\t\t\t<h2 class=\"elementor-heading-title elementor-size-default\">Company Beginnings<\/h2>\t\t\t\t<\/div>\n\t\t\t\t<\/div>\n\t\t\t\t<div class=\"elementor-element elementor-element-90b7545 elementor-widget elementor-widget-image\" data-id=\"90b7545\" data-element_type=\"widget\" data-e-type=\"widget\" data-widget_type=\"image.default\">\n\t\t\t\t<div class=\"elementor-widget-container\">\n\t\t\t\t\t\t\t\t\t\t\t\t\t\t\t<img fetchpriority=\"high\" decoding=\"async\" width=\"665\" height=\"197\" src=\"https:\/\/www.evpu.sk\/wp-content\/uploads\/Obdobie-zaciatkov-2.jpg\" class=\"attachment-large size-large wp-image-1439\" alt=\"\" srcset=\"https:\/\/www.evpu.sk\/wp-content\/uploads\/Obdobie-zaciatkov-2.jpg 665w, https:\/\/www.evpu.sk\/wp-content\/uploads\/Obdobie-zaciatkov-2-300x89.jpg 300w\" sizes=\"(max-width: 665px) 100vw, 665px\" \/>\t\t\t\t\t\t\t\t\t\t\t\t\t\t\t<\/div>\n\t\t\t\t<\/div>\n\t\t\t\t<div class=\"elementor-element elementor-element-02ddfb6 elementor-widget elementor-widget-text-editor\" data-id=\"02ddfb6\" data-element_type=\"widget\" data-e-type=\"widget\" data-widget_type=\"text-editor.default\">\n\t\t\t\t<div class=\"elementor-widget-container\">\n\t\t\t\t\t\t\t\t\t<p>In the same period, the main business activity of company was a monothematic area of power electronics. The power electronics belonged to the newest and most progressive area of electrical engineering. It was used wherever there was a need to switch, manage and regulate electric energy especially in electric industrial drives, in electric traction, in energetics and etc.<\/p><p>The power electronics replaced contact switching devices by contactless devices, loss regulators and starters were replaced by lossless ones, rotary power supply and converters were replaced by static ones. The most significant benefits and advantages of power electronics were high durability, reliability, efficiency and simple installation.<br \/>The research was focused on rectifiers, fixed frequency inverters, frequency converters and contactless switches. These solutions were used in automatic electric drives, in electric traction, in energetics and for providing uninterrupted feeding of computers or other machines in the area of electrohydraulics and so on. The power electronics has become one of the main programs in the Czechoslovak industry.<\/p><p>Less than 20 years ago, the working group, originally consisting of 15 members, was gradually extended to the total of 1800 employees providing research, development and production of electronic equipments. Together with products development were ensured also development of production technologies and testing machines, which create a needful base of quality to produce complicated electronic products.<\/p><p>The testing centre, as a part of Electrotechnical Research Institute, acquired the authorisation in 1994. Already during the construction of the testing centre through various equipments, measuring and computer techniques could be performed all necessary tests and calculations. The testing centre was equipped with devices where was possible to perform climatic tests and electric tests.<\/p>\t\t\t\t\t\t\t\t<\/div>\n\t\t\t\t<\/div>\n\t\t\t\t<\/div>\n\t\t\t\t\t<\/div>\n\t\t\t\t<\/div>\n\t\t<div class=\"elementor-element elementor-element-99ff4b9 e-flex e-con-boxed e-con e-parent\" data-id=\"99ff4b9\" data-element_type=\"container\" data-e-type=\"container\" data-settings=\"{&quot;background_background&quot;:&quot;classic&quot;}\">\n\t\t\t\t\t<div class=\"e-con-inner\">\n\t\t<div class=\"elementor-element elementor-element-f609b27 e-con-full e-flex e-con e-child\" data-id=\"f609b27\" data-element_type=\"container\" data-e-type=\"container\">\n\t\t\t\t<div class=\"elementor-element elementor-element-ecb4b70 elementor-widget elementor-widget-heading\" data-id=\"ecb4b70\" data-element_type=\"widget\" data-e-type=\"widget\" data-widget_type=\"heading.default\">\n\t\t\t\t<div class=\"elementor-widget-container\">\n\t\t\t\t\t<h2 class=\"elementor-heading-title elementor-size-default\">History<\/h2>\t\t\t\t<\/div>\n\t\t\t\t<\/div>\n\t\t\t\t<div class=\"elementor-element elementor-element-acf7b16 elementor-widget elementor-widget-text-editor\" data-id=\"acf7b16\" data-element_type=\"widget\" data-e-type=\"widget\" data-widget_type=\"text-editor.default\">\n\t\t\t\t<div class=\"elementor-widget-container\">\n\t\t\t\t\t\t\t\t\t<p>Establishment of a specialized research institute was an important step in the extending of electronics products in various industries. Between the first research tasks may include the use of elements of power electronics in electric traction and electric drives. Primary attention was focused on the development of controlled rectifiers and impulse switches for regulated drives with DC motors. The department of power electronics was extended to further machines such as frequency converters, constant frequency inverters and many others.<\/p><p>In the mid-1970s, besides power electronics the institute began to develop regulated and controlled electronic systems of units and mobile machines. These regulated drives are based on power electronics and they bring savings of non-ferrous metals and electrical energy what ensures a return on the investment during one year. The significant project was the supply of the set of thyristore regulators for drive system for handling winches of hydraulic dredger. Through side winches was defined direction of moving dredger.<\/p><p>In the early 1980s, the company extended its business activities in research and development of drives and control systems robots intended for the most different areas of industry. In this area were performed several successful development works on adaptive and modular workplace with universal robot with the main orientation on arc welding. In the same time was developed an automatic robot welding systems, transportation robot. The moving robot was controlled inductive through wire in the floor. All above mentioned modern robotic systems were fully used in production.<\/p><p>The period between the 1980 and 1990 was characterized by political and social changes. The company production was focused on the most different areas of electronics for ground machines and handling techniques (for concerns Z\u0164S Martin, Detva, Hri\u0148ova), electronics of anti-slip regulators for coaches, fire control systems for tank T72, traction battery charges for material handling machines, development and organization of serial production of distribution transformers with special parameters and power supply for focusing tilting magnets for particle accelerators. In the railway area the institute began to solve the projects \u2013 the replacement of rotary under carriage dynamos and rotary supply systems of locomotives by static power converters. In the following time the authorized testing centre as SKTC No. 101 extended its capacities.<\/p><p>At the end of 1990, the special interest for research and development became the area of technological equipments and single purpose machines for various industries. Often these individual solutions were used in automatic assembly lines such as fully automatic lines for assembling of ball bearings, wrapping and feeding lines for paper industry, gob feeders for glass industry as well as handling machines for nuclear power stations.<\/p>\t\t\t\t\t\t\t\t<\/div>\n\t\t\t\t<\/div>\n\t\t\t\t<div class=\"elementor-element elementor-element-d32b272 elementor-widget elementor-widget-spacer\" data-id=\"d32b272\" data-element_type=\"widget\" data-e-type=\"widget\" data-widget_type=\"spacer.default\">\n\t\t\t\t<div class=\"elementor-widget-container\">\n\t\t\t\t\t\t\t<div class=\"elementor-spacer\">\n\t\t\t<div class=\"elementor-spacer-inner\"><\/div>\n\t\t<\/div>\n\t\t\t\t\t\t<\/div>\n\t\t\t\t<\/div>\n\t\t\t\t<\/div>\n\t\t\t\t\t<\/div>\n\t\t\t\t<\/div>\n\t\t\t\t<\/div>\n\t\t","protected":false},"excerpt":{"rendered":"<p>History The Electrotechnical Research Institute was founded in 1965-1966 as a part of the Z\u0164S \u2013 Heavy Industry Concern Company. On 1st October 1968 the Electrotechnical Research Institute became an independent state owned company with research and development base. About our business Origins of our activities are dated back to the year 1968, when the [&hellip;]<\/p>\n","protected":false},"author":1,"featured_media":0,"parent":0,"menu_order":0,"comment_status":"closed","ping_status":"closed","template":"","meta":{"_acf_changed":false,"inline_featured_image":false,"footnotes":""},"categories":[],"tags":[],"class_list":["post-1922","page","type-page","status-publish","hentry"],"acf":[],"_links":{"self":[{"href":"https:\/\/www.evpu.sk\/en\/wp-json\/wp\/v2\/pages\/1922","targetHints":{"allow":["GET"]}}],"collection":[{"href":"https:\/\/www.evpu.sk\/en\/wp-json\/wp\/v2\/pages"}],"about":[{"href":"https:\/\/www.evpu.sk\/en\/wp-json\/wp\/v2\/types\/page"}],"author":[{"embeddable":true,"href":"https:\/\/www.evpu.sk\/en\/wp-json\/wp\/v2\/users\/1"}],"replies":[{"embeddable":true,"href":"https:\/\/www.evpu.sk\/en\/wp-json\/wp\/v2\/comments?post=1922"}],"version-history":[{"count":10,"href":"https:\/\/www.evpu.sk\/en\/wp-json\/wp\/v2\/pages\/1922\/revisions"}],"predecessor-version":[{"id":2752,"href":"https:\/\/www.evpu.sk\/en\/wp-json\/wp\/v2\/pages\/1922\/revisions\/2752"}],"wp:attachment":[{"href":"https:\/\/www.evpu.sk\/en\/wp-json\/wp\/v2\/media?parent=1922"}],"wp:term":[{"taxonomy":"category","embeddable":true,"href":"https:\/\/www.evpu.sk\/en\/wp-json\/wp\/v2\/categories?post=1922"},{"taxonomy":"post_tag","embeddable":true,"href":"https:\/\/www.evpu.sk\/en\/wp-json\/wp\/v2\/tags?post=1922"}],"curies":[{"name":"wp","href":"https:\/\/api.w.org\/{rel}","templated":true}]}}